{"id":36827,"date":"2023-02-21T13:24:27","date_gmt":"2023-02-21T13:24:27","guid":{"rendered":"https:\/\/amrtop.com\/B2B\/?post_type=product&#038;p=36827"},"modified":"2023-08-02T12:06:08","modified_gmt":"2023-08-02T12:06:08","slug":"thermocouple-tck-courbe-extraflame-code-2000718-750-mm","status":"publish","type":"product","link":"https:\/\/amrtop.net\/ro\/produit\/thermocouple-tck-courbe-extraflame-code-2000718-750-mm\/","title":{"rendered":"Thermocouple TCK courb\u00e9 102 x 16 mm avec c\u00e2ble en silicone Longueur 750 mm &#8211; Compatible avec code Extraflame 2000718"},"content":{"rendered":"<h3>Thermocouple TCK courb\u00e9 Extraflame code 2000718 750 mm<\/h3>\n<p>Amrtop comercializeaz\u0103 acest produs c\u0103tre companii certificate ISO9001 care proiecteaz\u0103 \u0219i construiesc toate tipurile de senzori de temperatur\u0103 pentru controlul industrial \u0219i profesional al temperaturii.<\/p>\n<p>Obiectivul Amrtop este de a garanta fiabilitatea, oferind \u00een acela\u0219i timp produse tehnologice de ultim\u0103 genera\u021bie.<\/p>\n<p>Scopul nostru este de a oferi un standard ridicat de calitate \u0219i solu\u021bii eficiente pentru m\u0103surarea \u0219i controlul temperaturii la pre\u021buri rezonabile.<\/p>\n<p>Senzori de temperatur\u0103 pentru \u0219eminee electrice \u0219i sobe pe pele\u021bi prelucrate de Amrtop:<\/p>\n<ul>\n<li>Sonde de extrac\u021bie a fumului.<\/li>\n<li>Sonde de temperatur\u0103 \u00eenalt\u0103.<\/li>\n<li>Sonde de temperatur\u0103 \u00eenalt\u0103 cu tub conic pentru cuptoare<\/li>\n<li>Sonde cu cablu din silicon \u0219i arc anti-plecat din o\u021bel inoxidabil. Sond\u0103 de picurare pentru sisteme de aer.<\/li>\n<li>Sonde impermeabile cu<br \/>\nizola\u021bie dubl\u0103<\/li>\n<\/ul>\n<h3>Utilisation du thermocouple TCK courb\u00e9 Extraflame code 2000718 750 mm<\/h3>\n<p>Senzorii de gaze de ardere, de mediu \u0219i de ap\u0103 sunt instala\u021bi \u00een aparatele care ard combustibil solid (pele\u021bi, alune, Sansa, lemn \u0219i a\u0219chii).<\/p>\n<p>Sarcina lor este de a detecta \u0219i controla temperaturile generate de corpurile de combustie care produc aer \u0219i ap\u0103 cald\u0103, comunic\u00e2nd datele c\u0103tre diferitele carduri electronice.<\/p>\n<p>Cablurile pentru toate sondele oferite de Amrtop sunt disponibile \u00een diferite lungimi, cu \u0219i f\u0103r\u0103 conectori.<\/p>\n<p>Se g\u0103se\u0219te \u00een aparatele tipice - Soba pe pele\u021bi - Cazan pe pele\u021bi - Arz\u0103tor pe pele\u021bi - Gr\u0103tar\/barbeque pe pele\u021bi Cazan pe biomas\u0103 - Arz\u0103tor pe biomas\u0103 - \u0218i multe alte arz\u0103toare<\/p>\n<h3>Interior<\/h3>\n<p><a href=\"https:\/\/wekos.it\/\">Sobe, aragazuri \u0219i aragazuri pe lemne<\/a>\u00a0-\u00a0<a href=\"https:\/\/www.greenpuros.com\/\">\u0219eminee, sobe \u0219i cazane pe pele\u021bi.<\/a><\/p>\n<h3>Gama Amrtop de piese de schimb \u0219i accesorii<\/h3>","protected":false},"excerpt":{"rendered":"<h2><span style=\"color: #008000\">Disponibil la<\/span><\/h2>\n<hr \/>\n<p>Compatible avec le code Extraflame 2000718<\/p>\n<p>Material capsul\u0103: Incoloy<\/p>\n<p>Misura capsula: 102 x 16 mm<\/p>\n<p>Diametrul capsulei: 3 mm<\/p>\n<p>Material cablu: silicon<\/p>\n<p>Lungimea cablului: 750 mm<\/p>","protected":false},"featured_media":36828,"comment_status":"open","ping_status":"closed","template":"","meta":[],"product_brand":[],"product_cat":[839,1577,1339],"product_tag":[],"class_list":{"0":"post-36827","1":"product","2":"type-product","3":"status-publish","4":"has-post-thumbnail","6":"product_cat-pieces-de-rechange-divers-poeles-et-chaudieres","7":"product_cat-sondes-extraflame","8":"product_cat-sondes-thermostats-manometres-thermometres-pour-poeles-et-chaudieres","9":"product_shipping_class-classe-di-spedizione-01","11":"first","12":"instock","13":"shipping-taxable","14":"purchasable","15":"product-type-simple"},"yoast_head":"<!-- This site is optimized with the Yoast SEO plugin v27.5 - https:\/\/yoast.com\/product\/yoast-seo-wordpress\/ -->\n<title>Thermocouple TCK courb\u00e9 Extraflame code 2000718 750 mm<\/title>\n<meta name=\"description\" content=\"Thermocouple TCK courb\u00e9 Extraflame code 2000718 750 mm - Thermocouple TCK avec c\u00e2ble en silicone L 750 mt - Thermocouple TCK - D\u00e9tecteur de temp\u00e9rature - Capteur de chaleur avec c\u00e2ble en silicone de 2 m\u00e8tres de long code 2000715 pour po\u00eales et chaudi\u00e8res \u00e0 pellets marque Extraflame\" \/>\n<meta name=\"robots\" content=\"index, follow, max-snippet:-1, max-image-preview:large, max-video-preview:-1\" \/>\n<link rel=\"canonical\" href=\"https:\/\/amrtop.net\/ro\/produs\/thermocouple-tck-courbe-extraflame-code-2000718-750-mm\/\" \/>\n<meta property=\"og:locale\" content=\"ro_RO\" \/>\n<meta property=\"og:type\" content=\"article\" \/>\n<meta property=\"og:title\" content=\"Thermocouple TCK courb\u00e9 Extraflame code 2000718 750 mm\" \/>\n<meta property=\"og:description\" content=\"Thermocouple TCK courb\u00e9 Extraflame code 2000718 750 mm - Thermocouple TCK avec c\u00e2ble en silicone L 750 mt - Thermocouple TCK - D\u00e9tecteur de temp\u00e9rature - Capteur de chaleur avec c\u00e2ble en silicone de 2 m\u00e8tres de long code 2000715 pour po\u00eales et chaudi\u00e8res \u00e0 pellets marque Extraflame\" \/>\n<meta property=\"og:url\" content=\"https:\/\/amrtop.net\/ro\/produs\/thermocouple-tck-courbe-extraflame-code-2000718-750-mm\/\" \/>\n<meta property=\"og:site_name\" content=\"AMRTOP B2B \u00c9tranger - Achats r\u00e9serv\u00e9s au professionnel\" \/>\n<meta property=\"article:modified_time\" content=\"2023-08-02T12:06:08+00:00\" \/>\n<meta property=\"og:image\" content=\"https:\/\/amrtop.net\/wp-content\/uploads\/2023\/02\/2000718.jpg\" \/>\n\t<meta property=\"og:image:width\" content=\"390\" \/>\n\t<meta property=\"og:image:height\" content=\"390\" \/>\n\t<meta property=\"og:image:type\" content=\"image\/jpeg\" \/>\n<meta name=\"twitter:card\" content=\"summary_large_image\" \/>\n<meta name=\"twitter:label1\" content=\"Timp estimat pentru citire\" \/>\n\t<meta name=\"twitter:data1\" content=\"2 minute\" \/>\n<script type=\"application\/ld+json\" class=\"yoast-schema-graph\">{\"@context\":\"https:\\\/\\\/schema.org\",\"@graph\":[{\"@type\":\"WebPage\",\"@id\":\"https:\\\/\\\/amrtop.net\\\/produit\\\/thermocouple-tck-courbe-extraflame-code-2000718-750-mm\\\/\",\"url\":\"https:\\\/\\\/amrtop.net\\\/produit\\\/thermocouple-tck-courbe-extraflame-code-2000718-750-mm\\\/\",\"name\":\"Thermocouple TCK courb\u00e9 Extraflame code 2000718 750 mm\",\"isPartOf\":{\"@id\":\"https:\\\/\\\/amrtop.net\\\/#website\"},\"primaryImageOfPage\":{\"@id\":\"https:\\\/\\\/amrtop.net\\\/produit\\\/thermocouple-tck-courbe-extraflame-code-2000718-750-mm\\\/#primaryimage\"},\"image\":{\"@id\":\"https:\\\/\\\/amrtop.net\\\/produit\\\/thermocouple-tck-courbe-extraflame-code-2000718-750-mm\\\/#primaryimage\"},\"thumbnailUrl\":\"https:\\\/\\\/amrtop.net\\\/wp-content\\\/uploads\\\/2023\\\/02\\\/2000718.jpg\",\"datePublished\":\"2023-02-21T13:24:27+00:00\",\"dateModified\":\"2023-08-02T12:06:08+00:00\",\"description\":\"Thermocouple TCK courb\u00e9 Extraflame code 2000718 750 mm - Thermocouple TCK avec c\u00e2ble en silicone L 750 mt - Thermocouple TCK - D\u00e9tecteur de temp\u00e9rature - Capteur de chaleur avec c\u00e2ble en silicone de 2 m\u00e8tres de long code 2000715 pour po\u00eales et chaudi\u00e8res \u00e0 pellets marque Extraflame\",\"breadcrumb\":{\"@id\":\"https:\\\/\\\/amrtop.net\\\/produit\\\/thermocouple-tck-courbe-extraflame-code-2000718-750-mm\\\/#breadcrumb\"},\"inLanguage\":\"ro-RO\",\"potentialAction\":[{\"@type\":\"ReadAction\",\"target\":[\"https:\\\/\\\/amrtop.net\\\/produit\\\/thermocouple-tck-courbe-extraflame-code-2000718-750-mm\\\/\"]}]},{\"@type\":\"ImageObject\",\"inLanguage\":\"ro-RO\",\"@id\":\"https:\\\/\\\/amrtop.net\\\/produit\\\/thermocouple-tck-courbe-extraflame-code-2000718-750-mm\\\/#primaryimage\",\"url\":\"https:\\\/\\\/amrtop.net\\\/wp-content\\\/uploads\\\/2023\\\/02\\\/2000718.jpg\",\"contentUrl\":\"https:\\\/\\\/amrtop.net\\\/wp-content\\\/uploads\\\/2023\\\/02\\\/2000718.jpg\",\"width\":390,\"height\":390,\"caption\":\"Thermocouple TCK courb\u00e9 Extraflame code 2000718 750 mm - Thermocouple TCK avec c\u00e2ble en silicone L 750 mt - Thermocouple TCK - D\u00e9tecteur de temp\u00e9rature - Capteur de chaleur avec c\u00e2ble en silicone de 2 m\u00e8tres de long code 2000715 pour po\u00eales et chaudi\u00e8res \u00e0 pellets marque Extraflame\"},{\"@type\":\"BreadcrumbList\",\"@id\":\"https:\\\/\\\/amrtop.net\\\/produit\\\/thermocouple-tck-courbe-extraflame-code-2000718-750-mm\\\/#breadcrumb\",\"itemListElement\":[{\"@type\":\"ListItem\",\"position\":1,\"name\":\"Home\",\"item\":\"https:\\\/\\\/amrtop.net\\\/\"},{\"@type\":\"ListItem\",\"position\":2,\"name\":\"Shop\",\"item\":\"https:\\\/\\\/amrtop.net\\\/negozio\\\/\"},{\"@type\":\"ListItem\",\"position\":3,\"name\":\"Thermocouple TCK courb\u00e9 102 x 16 mm avec c\u00e2ble en silicone Longueur 750 mm &#8211; Compatible avec code Extraflame 2000718\"}]},{\"@type\":\"WebSite\",\"@id\":\"https:\\\/\\\/amrtop.net\\\/#website\",\"url\":\"https:\\\/\\\/amrtop.net\\\/\",\"name\":\"AMRTOP B2B \u00c9tranger - Achats r\u00e9serv\u00e9s au professionnel\",\"description\":\"Pi\u00e8ces de rechange et accessoires pour po\u00eales et chaudi\u00e8res - eCommerce B2B pour Clients Professionnels\",\"potentialAction\":[{\"@type\":\"SearchAction\",\"target\":{\"@type\":\"EntryPoint\",\"urlTemplate\":\"https:\\\/\\\/amrtop.net\\\/?s={search_term_string}\"},\"query-input\":{\"@type\":\"PropertyValueSpecification\",\"valueRequired\":true,\"valueName\":\"search_term_string\"}}],\"inLanguage\":\"ro-RO\"}]}<\/script>\n<!-- \/ Yoast SEO plugin. -->","yoast_head_json":{"title":"Thermocouple TCK courb\u00e9 Extraflame code 2000718 750 mm","description":"Thermocouple TCK courb\u00e9 Extraflame code 2000718 750 mm - Thermocouple TCK avec c\u00e2ble en silicone L 750 mt - Thermocouple TCK - D\u00e9tecteur de temp\u00e9rature - Capteur de chaleur avec c\u00e2ble en silicone de 2 m\u00e8tres de long code 2000715 pour po\u00eales et chaudi\u00e8res \u00e0 pellets marque Extraflame","robots":{"index":"index","follow":"follow","max-snippet":"max-snippet:-1","max-image-preview":"max-image-preview:large","max-video-preview":"max-video-preview:-1"},"canonical":"https:\/\/amrtop.net\/ro\/produs\/thermocouple-tck-courbe-extraflame-code-2000718-750-mm\/","og_locale":"ro_RO","og_type":"article","og_title":"Thermocouple TCK courb\u00e9 Extraflame code 2000718 750 mm","og_description":"Thermocouple TCK courb\u00e9 Extraflame code 2000718 750 mm - Thermocouple TCK avec c\u00e2ble en silicone L 750 mt - Thermocouple TCK - D\u00e9tecteur de temp\u00e9rature - Capteur de chaleur avec c\u00e2ble en silicone de 2 m\u00e8tres de long code 2000715 pour po\u00eales et chaudi\u00e8res \u00e0 pellets marque Extraflame","og_url":"https:\/\/amrtop.net\/ro\/produs\/thermocouple-tck-courbe-extraflame-code-2000718-750-mm\/","og_site_name":"AMRTOP B2B \u00c9tranger - Achats r\u00e9serv\u00e9s au professionnel","article_modified_time":"2023-08-02T12:06:08+00:00","og_image":[{"width":390,"height":390,"url":"https:\/\/amrtop.net\/wp-content\/uploads\/2023\/02\/2000718.jpg","type":"image\/jpeg"}],"twitter_card":"summary_large_image","twitter_misc":{"Timp estimat pentru citire":"2 minute"},"schema":{"@context":"https:\/\/schema.org","@graph":[{"@type":"WebPage","@id":"https:\/\/amrtop.net\/produit\/thermocouple-tck-courbe-extraflame-code-2000718-750-mm\/","url":"https:\/\/amrtop.net\/produit\/thermocouple-tck-courbe-extraflame-code-2000718-750-mm\/","name":"Thermocouple TCK courb\u00e9 Extraflame code 2000718 750 mm","isPartOf":{"@id":"https:\/\/amrtop.net\/#website"},"primaryImageOfPage":{"@id":"https:\/\/amrtop.net\/produit\/thermocouple-tck-courbe-extraflame-code-2000718-750-mm\/#primaryimage"},"image":{"@id":"https:\/\/amrtop.net\/produit\/thermocouple-tck-courbe-extraflame-code-2000718-750-mm\/#primaryimage"},"thumbnailUrl":"https:\/\/amrtop.net\/wp-content\/uploads\/2023\/02\/2000718.jpg","datePublished":"2023-02-21T13:24:27+00:00","dateModified":"2023-08-02T12:06:08+00:00","description":"Thermocouple TCK courb\u00e9 Extraflame code 2000718 750 mm - Thermocouple TCK avec c\u00e2ble en silicone L 750 mt - Thermocouple TCK - D\u00e9tecteur de temp\u00e9rature - Capteur de chaleur avec c\u00e2ble en silicone de 2 m\u00e8tres de long code 2000715 pour po\u00eales et chaudi\u00e8res \u00e0 pellets marque Extraflame","breadcrumb":{"@id":"https:\/\/amrtop.net\/produit\/thermocouple-tck-courbe-extraflame-code-2000718-750-mm\/#breadcrumb"},"inLanguage":"ro-RO","potentialAction":[{"@type":"ReadAction","target":["https:\/\/amrtop.net\/produit\/thermocouple-tck-courbe-extraflame-code-2000718-750-mm\/"]}]},{"@type":"ImageObject","inLanguage":"ro-RO","@id":"https:\/\/amrtop.net\/produit\/thermocouple-tck-courbe-extraflame-code-2000718-750-mm\/#primaryimage","url":"https:\/\/amrtop.net\/wp-content\/uploads\/2023\/02\/2000718.jpg","contentUrl":"https:\/\/amrtop.net\/wp-content\/uploads\/2023\/02\/2000718.jpg","width":390,"height":390,"caption":"Thermocouple TCK courb\u00e9 Extraflame code 2000718 750 mm - Thermocouple TCK avec c\u00e2ble en silicone L 750 mt - Thermocouple TCK - D\u00e9tecteur de temp\u00e9rature - Capteur de chaleur avec c\u00e2ble en silicone de 2 m\u00e8tres de long code 2000715 pour po\u00eales et chaudi\u00e8res \u00e0 pellets marque Extraflame"},{"@type":"BreadcrumbList","@id":"https:\/\/amrtop.net\/produit\/thermocouple-tck-courbe-extraflame-code-2000718-750-mm\/#breadcrumb","itemListElement":[{"@type":"ListItem","position":1,"name":"Home","item":"https:\/\/amrtop.net\/"},{"@type":"ListItem","position":2,"name":"Shop","item":"https:\/\/amrtop.net\/negozio\/"},{"@type":"ListItem","position":3,"name":"Thermocouple TCK courb\u00e9 102 x 16 mm avec c\u00e2ble en silicone Longueur 750 mm &#8211; Compatible avec code Extraflame 2000718"}]},{"@type":"WebSite","@id":"https:\/\/amrtop.net\/#website","url":"https:\/\/amrtop.net\/","name":"AMRTOP B2B Abroad - Achizi\u021bii rezervate profesioni\u0219tilor","description":"Piese de schimb \u0219i accesorii pentru sobe \u0219i cazane - eCommerce B2B pentru clien\u021bi profesioni\u0219ti","potentialAction":[{"@type":"SearchAction","target":{"@type":"EntryPoint","urlTemplate":"https:\/\/amrtop.net\/?s={search_term_string}"},"query-input":{"@type":"PropertyValueSpecification","valueRequired":true,"valueName":"search_term_string"}}],"inLanguage":"ro-RO"}]}},"_links":{"self":[{"href":"https:\/\/amrtop.net\/ro\/wp-json\/wp\/v2\/product\/36827","targetHints":{"allow":["GET"]}}],"collection":[{"href":"https:\/\/amrtop.net\/ro\/wp-json\/wp\/v2\/product"}],"about":[{"href":"https:\/\/amrtop.net\/ro\/wp-json\/wp\/v2\/types\/product"}],"replies":[{"embeddable":true,"href":"https:\/\/amrtop.net\/ro\/wp-json\/wp\/v2\/comments?post=36827"}],"wp:featuredmedia":[{"embeddable":true,"href":"https:\/\/amrtop.net\/ro\/wp-json\/wp\/v2\/media\/36828"}],"wp:attachment":[{"href":"https:\/\/amrtop.net\/ro\/wp-json\/wp\/v2\/media?parent=36827"}],"wp:term":[{"taxonomy":"product_brand","embeddable":true,"href":"https:\/\/amrtop.net\/ro\/wp-json\/wp\/v2\/product_brand?post=36827"},{"taxonomy":"product_cat","embeddable":true,"href":"https:\/\/amrtop.net\/ro\/wp-json\/wp\/v2\/product_cat?post=36827"},{"taxonomy":"product_tag","embeddable":true,"href":"https:\/\/amrtop.net\/ro\/wp-json\/wp\/v2\/product_tag?post=36827"}],"curies":[{"name":"wp","href":"https:\/\/api.w.org\/{rel}","templated":true}]}}