{"id":3691,"date":"2020-10-01T00:00:00","date_gmt":"2020-10-01T00:00:00","guid":{"rendered":"https:\/\/amrtop.com\/B2B\/?post_type=product&#038;p=3691"},"modified":"2025-02-13T14:30:50","modified_gmt":"2025-02-13T14:30:50","slug":"motoreducteur-kenta-5-rpm-code-k9177315-arbre-creuse-o-8-5-mm-toles-feuilletees-40-mm","status":"publish","type":"product","link":"https:\/\/amrtop.net\/ro\/produit\/motoreducteur-kenta-5-rpm-code-k9177315-arbre-creuse-o-8-5-mm-toles-feuilletees-40-mm\/","title":{"rendered":"Motoreductor Kenta 5 rpm Cod K9177315 - Arbore tubular \u00f8 8,5 mm - Foi laminate de 40 mm"},"content":{"rendered":"<hr \/>\n<h3>Motor\u00e9ducteur Kenta 5 rpm arbre creux K9177315<\/h3>\n<p>Dans la vaste gamme des motor\u00e9ducteurs K917 il y a des versions avec des moteurs en courant alternatif<br \/>\n(AC) \u00e0 p\u00f4les cass\u00e9s et en courant continu (DC) avec moteur \u00e0 aimant permanent.<\/p>\n<p>Pour optimiser le fonctionnement silencieux et la dur\u00e9e dans le temps.<\/p>\n<p>Designul inovator, sistemele de produc\u021bie \u0219i controlul proceselor de produc\u021bie garanteaz\u0103 produse fiabile \u0219i de \u00eenalt\u0103 performan\u021b\u0103.<\/p>\n<p>Semblable par type au motor\u00e9ducteur K911 permet, gr\u00e2ce au dimensionnement des<br \/>\nengrenages et \u00e0 une carcasse renforc\u00e9e, une r\u00e9sistance sup\u00e9rieure aux efforts.<\/p>\n<h3><strong>Caracteristici de construc\u021bie :<\/strong><\/h3>\n<p><strong>Le r\u00e9ducteur<\/strong><\/p>\n<p>Cutia de viteze este fabricat\u0103 din zamac turnat sub presiune \u0219i \u00eencorporeaz\u0103 elemente de fixare.<\/p>\n<p>Lan\u021bul cinematic de ro\u021bi din\u021bate este alc\u0103tuit din: un arbore motor cu din\u021bi elicoidali, ro\u021bi din\u021bate din materiale termoplastice speciale \u0219i ro\u021bi din\u021bate din o\u021bel sinterizat.<\/p>\n<p>Acest sistem garanteaz\u0103 o fiabilitate ridicat\u0103, permi\u021b\u00e2nd utilizarea motoreductorilor K911 at\u00e2t \u00een medii reci (de exemplu, r\u0103citoare), c\u00e2t \u0219i calde (de exemplu, cuptoare).<\/p>\n<h3><strong>Les moteurs \u00e0 courant alternatif (AC)<\/strong><\/h3>\n<p>Les motor\u00e9ducteurs K917 AC utilisent des moteurs asynchrones monophas\u00e9s \u00e0 deux p\u00f4les avec des spires de court-circuit et<\/p>\n<p>Les dimensions des moteurs sont fixes en ce qui concerne la largeur et la hauteur (61 61 mm) tandis que l\u2019\u00e9paisseur du bloc moteur est disponible en 4 tailles\u00a0: 16 &#8211; 20 &#8211; 30 &#8211; 40 mm.<\/p>\n<p>Bobinele sunt \u00eenf\u0103\u0219urate de o instala\u021bie automat\u0103 dotat\u0103 cu control al firului.<\/p>\n<p>Tensiuni \u0219i frecven\u021be disponibile: 24 p\u00e2n\u0103 la 240 V \u0219i 50\/60 Hz.<\/p>\n<h3>Les moteurs \u00e0 courant continu (DC) pour le &#8220;service intermittent&#8221;<\/h3>\n<p>Les motor\u00e9ducteurs K917 DC utilisent des moteurs \u00e0 courant continu \u00e0 balais et aimant<br \/>\npentru alimentarea cu 12 \u0219i 24 V.<\/p>\n<p>Aceste motoare asigur\u0103 o rota\u021bie dubl\u0103<\/p>\n<h3>Utilisation du Motor\u00e9ducteur Kenta 5 rpm arbre creux K9177315<\/h3>\n<p>Odat\u0103 ce ajunge \u00een partea superioar\u0103 a cohleei, peleta cade \u00een mod natural \u00eentr-un jgheab care o transport\u0103 \u00een arz\u0103tor.<\/p>\n<h3><strong>Aplica\u021bii tipice<\/strong><\/h3>\n<ul>\n<li>Sobe pe pele\u021bi<\/li>\n<li>Ma\u0219ini de cafea<\/li>\n<li>Rotiserii<\/li>\n<li>Mixere<\/li>\n<li>Ciocolat\u0103<\/li>\n<li>Ac\u021bionatoare pentru industrie<\/li>\n<\/ul>\n<h3><strong>Interior<\/strong><\/h3>\n<p><a href=\"https:\/\/wekos.it\/\">Sobe, aragazuri \u0219i aragazuri pe lemne<\/a>\u00a0-\u00a0<a href=\"https:\/\/www.greenpuros.com\/\">\u0219eminee, sobe \u0219i cazane pe pele\u021bi.<\/a><\/p>\n<h3><strong>Gama Amrtop de piese de schimb \u0219i accesorii<\/strong><\/h3>\n<p>&nbsp;<\/p>\n<p><a href=\"https:\/\/amrtop.net\/ro\/categoria-de-produse\/piese-de-schimb-sobe-si-cazane-de-gatit-si-cazane-mixte-2\/bougies-dallumage-pour-poeles-et-chaudieres-a-pellets\/\">Bujii incandescente<\/a><\/p>\n<p><a href=\"https:\/\/amrtop.net\/ro\/categoria-de-produse\/piese-de-schimb-sobe-si-cazane-de-gatit-si-cazane-mixte-2\/electronique\/\">Electronic\u0103<\/a><\/p>\n<p><a href=\"https:\/\/amrtop.net\/ro\/categoria-de-produse\/piese-de-schimb-sobe-si-cazane-de-gatit-si-cazane-mixte-2\/extracteurs-de-fumee\/\">Extractoare de fum<\/a><\/p>\n<p><a href=\"https:\/\/amrtop.net\/ro\/categoria-de-produse\/piese-de-schimb-sobe-si-cazane-de-gatit-si-cazane-mixte-2\/gaines-cable-connecteurs\/\">Teci de cablu conector<\/a><\/p>\n<p><a href=\"https:\/\/amrtop.net\/ro\/categoria-de-produse\/piese-de-schimb-sobe-si-cazane-de-gatit-si-cazane-mixte-2\/joints-de-silicone\/\">Garnituri de silicon<\/a><\/p>\n<p><a href=\"https:\/\/amrtop.net\/ro\/categoria-de-produse\/piese-de-schimb-sobe-si-cazane-de-gatit-si-cazane-mixte-2\/motoreducteurs\/\">Motoare cu angrenaje<\/a><\/p>\n<p><a href=\"https:\/\/amrtop.net\/ro\/categoria-de-produse\/piese-de-schimb-sobe-si-cazane-de-gatit-si-cazane-mixte-2\/pressostats-et-transducteurs\/\">Presostate \u0219i traductoare de presiune<\/a><\/p>\n<p><a href=\"https:\/\/amrtop.net\/ro\/categoria-de-produse\/piese-de-schimb-sobe-si-cazane-de-gatit-si-cazane-mixte-2\/sondes-thermostats-manometres-thermometres\/\">Sonde termostate manometre termometre termometre<\/a><\/p>\n<p><a href=\"https:\/\/amrtop.net\/ro\/categoria-de-produse\/piese-de-schimb-sobe-si-cazane-de-gatit-si-cazane-mixte-2\/joints-detancheite\/\">Tricotaje de etan\u0219are<\/a><\/p>\n<p><a href=\"https:\/\/amrtop.net\/ro\/categoria-de-produse\/piese-de-schimb-sobe-si-cazane-de-gatit-si-cazane-mixte-2\/ventilateurs-centrifuges-pour-poeles-a-pellets\/\">Ventilatoare centrifuge<\/a><\/p>\n<p><a href=\"https:\/\/amrtop.net\/ro\/categoria-de-produse\/piese-de-schimb-sobe-si-cazane-de-gatit-si-cazane-mixte-2\/ventilateurs-tangentiels-flux-transversal\/\">Ventilatoare cu flux \u00eencruci\u0219at<\/a><\/p>\n<p><a href=\"https:\/\/amrtop.net\/ro\/categoria-de-produse\/piese-de-schimb-sobe-si-cazane-de-gatit-si-cazane-mixte-2\/adhesifs-et-produits-detancheite\/\">Adezivi \u0219i materiale de etan\u0219are<\/a><\/p>\n<p>&nbsp;<\/p>","protected":false},"excerpt":{"rendered":"<hr \/>\n<h2><span style=\"color: #008000\">Disponibil la<\/span><\/h2>\n<hr \/>\n<h3>Motor\u00e9ducteur Kenta 5 rpm<\/h3>\n<p>Code K9177315<br \/>\nArbre creux 8,5 mm<br \/>\nVitesse : 5 rpm<br \/>\nPachet lamelar: 40 mm<br \/>\nAplanare : Dublu<br \/>\nDirec\u021bia de rota\u021bie: \u00een sensul acelor de ceasornic<br \/>\nCouple de serrage : 26 Nm<\/p>\n<h3>Compatibilitate<\/h3>\n<hr \/>\n<h3>Interschimbabil cu urm\u0103toarele modele de motoare cu ro\u021bi din\u021bate cu \u0219uruburi f\u0103r\u0103 sf\u00e2r\u0219it de \u00eenc\u0103rcare a pele\u021bilor :<\/h3>\n<p>Kenta : K9117155, K9117157, K9117163, K9117164, K9117169, K9117165, K9177315<br \/>\nMellor : KB1008<\/p>\n<h3>Motor cu ro\u021bi din\u021bate cu \u0219urub instalat \u0219i compatibil cu urm\u0103toarele m\u0103rci \u0219i modele de sobe pe pele\u021bi:<\/h3>\n<p>Ambiente calore,Bestfire,Cadel,Deville,Eurofiamma,Eurostek,Evacalor,Fair,Freepoint,Italflame,Italiana camini,Karmek,one,King fire,Mecatech,Mg,Pigal,Puros,Qlima,Tecnoflam,Tmc,Zibro<\/p>","protected":false},"featured_media":34897,"comment_status":"open","ping_status":"closed","template":"","meta":[],"product_brand":[],"product_cat":[861,872,875],"product_tag":[25,173,56,139,174,62,175,64,177,71,74,219,180,220,87,40,181,132,48],"class_list":{"0":"post-3691","1":"product","2":"type-product","3":"status-publish","4":"has-post-thumbnail","6":"product_cat-motoreducteurs","7":"product_cat-motoreducteurs-kenta","8":"product_cat-motoreducteurs-kenta-arbre-creux","9":"product_tag-ambiente-calore","10":"product_tag-bestfire","11":"product_tag-cadel","12":"product_tag-eurofiamma","13":"product_tag-eurostek","14":"product_tag-evacalor","15":"product_tag-fair","16":"product_tag-freepoint","17":"product_tag-italflame","18":"product_tag-italiana-camini","19":"product_tag-karmek-one","20":"product_tag-mecatech","21":"product_tag-mg","22":"product_tag-pigal","23":"product_tag-puros","24":"product_tag-qlima","25":"product_tag-tecnoflam","26":"product_tag-tmc","27":"product_tag-zibro","28":"product_shipping_class-classe-di-spedizione-02","30":"first","31":"instock","32":"shipping-taxable","33":"purchasable","34":"product-type-simple"},"yoast_head":"<!-- This site is optimized with the Yoast SEO plugin v27.4 - https:\/\/yoast.com\/product\/yoast-seo-wordpress\/ -->\n<title>Motor\u00e9ducteur Kenta 5 rpm arbre creux K9177315<\/title>\n<meta name=\"description\" content=\"Motor\u00e9ducteur Kenta 5 rpm arbre creux K9177315-Motor\u00e9ducteur Kenta pour vis sans fin-Motor\u00e9ducteur pour po\u00eale et chaudi\u00e8re \u00e0 pellets Kenta\" \/>\n<meta name=\"robots\" content=\"index, follow, max-snippet:-1, max-image-preview:large, max-video-preview:-1\" \/>\n<link rel=\"canonical\" href=\"https:\/\/amrtop.net\/ro\/produs\/motoreducteur-kenta-5-rpm-code-k9177315-arbre-creuse-o-8-5-mm-toles-feuilletees-40-mm\/\" \/>\n<meta property=\"og:locale\" content=\"ro_RO\" \/>\n<meta property=\"og:type\" content=\"article\" \/>\n<meta property=\"og:title\" content=\"Motor\u00e9ducteur Kenta 5 rpm arbre creux K9177315\" \/>\n<meta property=\"og:description\" content=\"Motor\u00e9ducteur Kenta 5 rpm arbre creux K9177315-Motor\u00e9ducteur Kenta pour vis sans fin-Motor\u00e9ducteur pour po\u00eale et chaudi\u00e8re \u00e0 pellets Kenta\" \/>\n<meta property=\"og:url\" content=\"https:\/\/amrtop.net\/ro\/produs\/motoreducteur-kenta-5-rpm-code-k9177315-arbre-creuse-o-8-5-mm-toles-feuilletees-40-mm\/\" \/>\n<meta property=\"og:site_name\" content=\"AMRTOP B2B \u00c9tranger - Achats r\u00e9serv\u00e9s au professionnel\" \/>\n<meta property=\"article:modified_time\" content=\"2025-02-13T14:30:50+00:00\" \/>\n<meta property=\"og:image\" content=\"https:\/\/amrtop.net\/wp-content\/uploads\/2022\/07\/K9177315.jpg\" \/>\n\t<meta property=\"og:image:width\" content=\"960\" \/>\n\t<meta property=\"og:image:height\" content=\"960\" \/>\n\t<meta property=\"og:image:type\" content=\"image\/jpeg\" \/>\n<meta name=\"twitter:card\" content=\"summary_large_image\" \/>\n<meta name=\"twitter:label1\" content=\"Timp estimat pentru citire\" \/>\n\t<meta name=\"twitter:data1\" content=\"1 minut\" \/>\n<script type=\"application\/ld+json\" class=\"yoast-schema-graph\">{\"@context\":\"https:\\\/\\\/schema.org\",\"@graph\":[{\"@type\":\"WebPage\",\"@id\":\"https:\\\/\\\/amrtop.net\\\/produit\\\/motoreducteur-kenta-5-rpm-code-k9177315-arbre-creuse-o-8-5-mm-toles-feuilletees-40-mm\\\/\",\"url\":\"https:\\\/\\\/amrtop.net\\\/produit\\\/motoreducteur-kenta-5-rpm-code-k9177315-arbre-creuse-o-8-5-mm-toles-feuilletees-40-mm\\\/\",\"name\":\"Motor\u00e9ducteur Kenta 5 rpm arbre creux K9177315\",\"isPartOf\":{\"@id\":\"https:\\\/\\\/amrtop.net\\\/#website\"},\"primaryImageOfPage\":{\"@id\":\"https:\\\/\\\/amrtop.net\\\/produit\\\/motoreducteur-kenta-5-rpm-code-k9177315-arbre-creuse-o-8-5-mm-toles-feuilletees-40-mm\\\/#primaryimage\"},\"image\":{\"@id\":\"https:\\\/\\\/amrtop.net\\\/produit\\\/motoreducteur-kenta-5-rpm-code-k9177315-arbre-creuse-o-8-5-mm-toles-feuilletees-40-mm\\\/#primaryimage\"},\"thumbnailUrl\":\"https:\\\/\\\/amrtop.net\\\/wp-content\\\/uploads\\\/2022\\\/07\\\/K9177315.jpg\",\"datePublished\":\"2020-10-01T00:00:00+00:00\",\"dateModified\":\"2025-02-13T14:30:50+00:00\",\"description\":\"Motor\u00e9ducteur Kenta 5 rpm arbre creux K9177315-Motor\u00e9ducteur Kenta pour vis sans fin-Motor\u00e9ducteur pour po\u00eale et chaudi\u00e8re \u00e0 pellets Kenta\",\"breadcrumb\":{\"@id\":\"https:\\\/\\\/amrtop.net\\\/produit\\\/motoreducteur-kenta-5-rpm-code-k9177315-arbre-creuse-o-8-5-mm-toles-feuilletees-40-mm\\\/#breadcrumb\"},\"inLanguage\":\"ro-RO\",\"potentialAction\":[{\"@type\":\"ReadAction\",\"target\":[\"https:\\\/\\\/amrtop.net\\\/produit\\\/motoreducteur-kenta-5-rpm-code-k9177315-arbre-creuse-o-8-5-mm-toles-feuilletees-40-mm\\\/\"]}]},{\"@type\":\"ImageObject\",\"inLanguage\":\"ro-RO\",\"@id\":\"https:\\\/\\\/amrtop.net\\\/produit\\\/motoreducteur-kenta-5-rpm-code-k9177315-arbre-creuse-o-8-5-mm-toles-feuilletees-40-mm\\\/#primaryimage\",\"url\":\"https:\\\/\\\/amrtop.net\\\/wp-content\\\/uploads\\\/2022\\\/07\\\/K9177315.jpg\",\"contentUrl\":\"https:\\\/\\\/amrtop.net\\\/wp-content\\\/uploads\\\/2022\\\/07\\\/K9177315.jpg\",\"width\":960,\"height\":960,\"caption\":\"Motor\u00e9ducteur Kenta 5 rpm arbre creux K9177315-Motor\u00e9ducteur Kenta pour vis sans fin-Motor\u00e9ducteur pour po\u00eale et chaudi\u00e8re \u00e0 pellets Kenta\"},{\"@type\":\"BreadcrumbList\",\"@id\":\"https:\\\/\\\/amrtop.net\\\/produit\\\/motoreducteur-kenta-5-rpm-code-k9177315-arbre-creuse-o-8-5-mm-toles-feuilletees-40-mm\\\/#breadcrumb\",\"itemListElement\":[{\"@type\":\"ListItem\",\"position\":1,\"name\":\"Home\",\"item\":\"https:\\\/\\\/amrtop.net\\\/\"},{\"@type\":\"ListItem\",\"position\":2,\"name\":\"Shop\",\"item\":\"https:\\\/\\\/amrtop.net\\\/negozio\\\/\"},{\"@type\":\"ListItem\",\"position\":3,\"name\":\"Motor\u00e9ducteur Kenta 5 rpm Code K9177315 \u2013 Arbre creuse \u00f8 8.5 mm \u2013 T\u00f4les feuillet\u00e9es 40 mm\"}]},{\"@type\":\"WebSite\",\"@id\":\"https:\\\/\\\/amrtop.net\\\/#website\",\"url\":\"https:\\\/\\\/amrtop.net\\\/\",\"name\":\"AMRTOP B2B \u00c9tranger - Achats r\u00e9serv\u00e9s au professionnel\",\"description\":\"Pi\u00e8ces de rechange et accessoires pour po\u00eales et chaudi\u00e8res - eCommerce B2B pour Clients Professionnels\",\"potentialAction\":[{\"@type\":\"SearchAction\",\"target\":{\"@type\":\"EntryPoint\",\"urlTemplate\":\"https:\\\/\\\/amrtop.net\\\/?s={search_term_string}\"},\"query-input\":{\"@type\":\"PropertyValueSpecification\",\"valueRequired\":true,\"valueName\":\"search_term_string\"}}],\"inLanguage\":\"ro-RO\"}]}<\/script>\n<!-- \/ Yoast SEO plugin. -->","yoast_head_json":{"title":"Motor\u00e9ducteur Kenta 5 rpm arbre creux K9177315","description":"Kenta motor cu ro\u021bi din\u021bate 5 rpm arbore gol K9177315-Kenta motor cu ro\u021bi din\u021bate pentru angrenaj cu \u0219uruburi-Kenta motor cu ro\u021bi din\u021bate pentru soba de pele\u021bi \u0219i cazan","robots":{"index":"index","follow":"follow","max-snippet":"max-snippet:-1","max-image-preview":"max-image-preview:large","max-video-preview":"max-video-preview:-1"},"canonical":"https:\/\/amrtop.net\/ro\/produs\/motoreducteur-kenta-5-rpm-code-k9177315-arbre-creuse-o-8-5-mm-toles-feuilletees-40-mm\/","og_locale":"ro_RO","og_type":"article","og_title":"Motor\u00e9ducteur Kenta 5 rpm arbre creux K9177315","og_description":"Motor\u00e9ducteur Kenta 5 rpm arbre creux K9177315-Motor\u00e9ducteur Kenta pour vis sans fin-Motor\u00e9ducteur pour po\u00eale et chaudi\u00e8re \u00e0 pellets Kenta","og_url":"https:\/\/amrtop.net\/ro\/produs\/motoreducteur-kenta-5-rpm-code-k9177315-arbre-creuse-o-8-5-mm-toles-feuilletees-40-mm\/","og_site_name":"AMRTOP B2B \u00c9tranger - Achats r\u00e9serv\u00e9s au professionnel","article_modified_time":"2025-02-13T14:30:50+00:00","og_image":[{"width":960,"height":960,"url":"https:\/\/amrtop.net\/wp-content\/uploads\/2022\/07\/K9177315.jpg","type":"image\/jpeg"}],"twitter_card":"summary_large_image","twitter_misc":{"Timp estimat pentru citire":"1 minut"},"schema":{"@context":"https:\/\/schema.org","@graph":[{"@type":"WebPage","@id":"https:\/\/amrtop.net\/produit\/motoreducteur-kenta-5-rpm-code-k9177315-arbre-creuse-o-8-5-mm-toles-feuilletees-40-mm\/","url":"https:\/\/amrtop.net\/produit\/motoreducteur-kenta-5-rpm-code-k9177315-arbre-creuse-o-8-5-mm-toles-feuilletees-40-mm\/","name":"Motor\u00e9ducteur Kenta 5 rpm arbre creux K9177315","isPartOf":{"@id":"https:\/\/amrtop.net\/#website"},"primaryImageOfPage":{"@id":"https:\/\/amrtop.net\/produit\/motoreducteur-kenta-5-rpm-code-k9177315-arbre-creuse-o-8-5-mm-toles-feuilletees-40-mm\/#primaryimage"},"image":{"@id":"https:\/\/amrtop.net\/produit\/motoreducteur-kenta-5-rpm-code-k9177315-arbre-creuse-o-8-5-mm-toles-feuilletees-40-mm\/#primaryimage"},"thumbnailUrl":"https:\/\/amrtop.net\/wp-content\/uploads\/2022\/07\/K9177315.jpg","datePublished":"2020-10-01T00:00:00+00:00","dateModified":"2025-02-13T14:30:50+00:00","description":"Kenta motor cu ro\u021bi din\u021bate 5 rpm arbore gol K9177315-Kenta motor cu ro\u021bi din\u021bate pentru angrenaj cu \u0219uruburi-Kenta motor cu ro\u021bi din\u021bate pentru soba de pele\u021bi \u0219i cazan","breadcrumb":{"@id":"https:\/\/amrtop.net\/produit\/motoreducteur-kenta-5-rpm-code-k9177315-arbre-creuse-o-8-5-mm-toles-feuilletees-40-mm\/#breadcrumb"},"inLanguage":"ro-RO","potentialAction":[{"@type":"ReadAction","target":["https:\/\/amrtop.net\/produit\/motoreducteur-kenta-5-rpm-code-k9177315-arbre-creuse-o-8-5-mm-toles-feuilletees-40-mm\/"]}]},{"@type":"ImageObject","inLanguage":"ro-RO","@id":"https:\/\/amrtop.net\/produit\/motoreducteur-kenta-5-rpm-code-k9177315-arbre-creuse-o-8-5-mm-toles-feuilletees-40-mm\/#primaryimage","url":"https:\/\/amrtop.net\/wp-content\/uploads\/2022\/07\/K9177315.jpg","contentUrl":"https:\/\/amrtop.net\/wp-content\/uploads\/2022\/07\/K9177315.jpg","width":960,"height":960,"caption":"Motor\u00e9ducteur Kenta 5 rpm arbre creux K9177315-Motor\u00e9ducteur Kenta pour vis sans fin-Motor\u00e9ducteur pour po\u00eale et chaudi\u00e8re \u00e0 pellets Kenta"},{"@type":"BreadcrumbList","@id":"https:\/\/amrtop.net\/produit\/motoreducteur-kenta-5-rpm-code-k9177315-arbre-creuse-o-8-5-mm-toles-feuilletees-40-mm\/#breadcrumb","itemListElement":[{"@type":"ListItem","position":1,"name":"Home","item":"https:\/\/amrtop.net\/"},{"@type":"ListItem","position":2,"name":"Shop","item":"https:\/\/amrtop.net\/negozio\/"},{"@type":"ListItem","position":3,"name":"Motor\u00e9ducteur Kenta 5 rpm Code K9177315 \u2013 Arbre creuse \u00f8 8.5 mm \u2013 T\u00f4les feuillet\u00e9es 40 mm"}]},{"@type":"WebSite","@id":"https:\/\/amrtop.net\/#website","url":"https:\/\/amrtop.net\/","name":"AMRTOP B2B Abroad - Achizi\u021bii rezervate profesioni\u0219tilor","description":"Piese de schimb \u0219i accesorii pentru sobe \u0219i cazane - eCommerce B2B pentru clien\u021bi profesioni\u0219ti","potentialAction":[{"@type":"SearchAction","target":{"@type":"EntryPoint","urlTemplate":"https:\/\/amrtop.net\/?s={search_term_string}"},"query-input":{"@type":"PropertyValueSpecification","valueRequired":true,"valueName":"search_term_string"}}],"inLanguage":"ro-RO"}]}},"_links":{"self":[{"href":"https:\/\/amrtop.net\/ro\/wp-json\/wp\/v2\/product\/3691","targetHints":{"allow":["GET"]}}],"collection":[{"href":"https:\/\/amrtop.net\/ro\/wp-json\/wp\/v2\/product"}],"about":[{"href":"https:\/\/amrtop.net\/ro\/wp-json\/wp\/v2\/types\/product"}],"replies":[{"embeddable":true,"href":"https:\/\/amrtop.net\/ro\/wp-json\/wp\/v2\/comments?post=3691"}],"wp:featuredmedia":[{"embeddable":true,"href":"https:\/\/amrtop.net\/ro\/wp-json\/wp\/v2\/media\/34897"}],"wp:attachment":[{"href":"https:\/\/amrtop.net\/ro\/wp-json\/wp\/v2\/media?parent=3691"}],"wp:term":[{"taxonomy":"product_brand","embeddable":true,"href":"https:\/\/amrtop.net\/ro\/wp-json\/wp\/v2\/product_brand?post=3691"},{"taxonomy":"product_cat","embeddable":true,"href":"https:\/\/amrtop.net\/ro\/wp-json\/wp\/v2\/product_cat?post=3691"},{"taxonomy":"product_tag","embeddable":true,"href":"https:\/\/amrtop.net\/ro\/wp-json\/wp\/v2\/product_tag?post=3691"}],"curies":[{"name":"wp","href":"https:\/\/api.w.org\/{rel}","templated":true}]}}