{"id":40002,"date":"2024-07-11T12:44:09","date_gmt":"2024-07-11T12:44:09","guid":{"rendered":"https:\/\/amrtop.net\/?post_type=product&#038;p=40002"},"modified":"2024-07-11T12:57:03","modified_gmt":"2024-07-11T12:57:03","slug":"bougie-universelle-avec-raccord-coulissant-3-8%e2%80%b3-o-99-mm-270-watt-longueur-totale-150-mm-code-kit1q","status":"publish","type":"product","link":"https:\/\/amrtop.net\/ro\/produit\/bougie-universelle-avec-raccord-coulissant-3-8%e2%80%b3-o-99-mm-270-watt-longueur-totale-150-mm-code-kit1q\/","title":{"rendered":"Bujie universal\u0103 cu conector glisant 3\/8\u2033 \u00f8 9,9 mm - 270 Watt - lungime total\u0103 150 mm - Cod KIT1Q"},"content":{"rendered":"<h3>Compatibil cu bujiile\/rezistoarele\/cartu\u0219ele de aprindere 3\/8 \u00f8 9.9 - compatibil cu sobe \u0219i cazane pe pele\u021bi de la urm\u0103toarele m\u0103rci:<\/h3>\n<p>Adler, Ambiente calore, Amg, Bioecotermo, Alecosol, Calideal, Cs termos, Ecoteck, EMaflam, Extrastove,Euroalpi, Kalon, Kalideal, Kalor, Mbz, Italfuoco, Piazzetta, Qlima, Xiang, Ravelli, Supra ,Tectro,<br \/>\nWinterofen, Zibro, Skia design<\/p>\n<hr \/>\n<h3>Interschimbabil cu urm\u0103toarele modele de bujii-resistori-cartu\u0219e de aprindere cu conexiune de 3\/8\u2033 \u00f8 9,9 - \u00f8 10 mm:<\/h3>\n<p>HT62647, HT51500, HT62264, UTXS019837, HT62648<\/p>\n<hr \/>\n<p>Gp termocamini, Tatano<\/p>\n<hr \/>\n<h3>Interschimbabil cu urm\u0103toarele modele de bujii de aprindere liniare - rezistoare - cartu\u0219e de aprindere \u00f8 9,5 - \u00f8 9,9 - \u00f8 10 mm :<\/h3>\n<p>HT62684<\/p>","protected":false},"excerpt":{"rendered":"<hr \/>\n<h2><span style=\"color: #008000;\">Disponibil la<\/span><\/h2>\n<hr \/>\n<p>Code KIT1Q<\/p>\n<p>Bujie: \u00f8 9,9 mm<br \/>\nW 270 V 230<br \/>\nLongueur du c\u00e2ble 300 mm<br \/>\nR\u00e9glable avec raccord 3\/8&#8243; de 130 mm \u00e0 145 mm<br \/>\nSans raccord 150 mm<\/p>\n<hr \/>\n<p>&nbsp;<\/p>","protected":false},"featured_media":34694,"comment_status":"open","ping_status":"closed","template":"","meta":[],"product_brand":[],"product_cat":[841,839],"product_tag":[24,25,26,27,28,29,30,31,32,33,34,35,36,37,38,39,40,41,42,43,44,45,46,47,48],"class_list":{"0":"post-40002","1":"product","2":"type-product","3":"status-publish","4":"has-post-thumbnail","6":"product_cat-bougies-dallumage-universelles","7":"product_cat-pieces-de-rechange-divers-poeles-et-chaudieres","8":"product_tag-adler","9":"product_tag-ambiente-calore","10":"product_tag-amg","11":"product_tag-bioecotermo","12":"product_tag-calecosol","13":"product_tag-calideal","14":"product_tag-cs-thermos","15":"product_tag-ecoteck","16":"product_tag-emaflam","17":"product_tag-euroalpi","18":"product_tag-extrastove","19":"product_tag-gp-termocamini","20":"product_tag-kalideal","21":"product_tag-kalon","22":"product_tag-mbz","23":"product_tag-piazzetta","24":"product_tag-qlima","25":"product_tag-ravelli","26":"product_tag-skia-design","27":"product_tag-supra","28":"product_tag-tatano","29":"product_tag-tectro","30":"product_tag-winterofen","31":"product_tag-xiang","32":"product_tag-zibro","33":"product_shipping_class-classe-di-spedizione-01","35":"first","36":"instock","37":"shipping-taxable","38":"purchasable","39":"product-type-variable"},"yoast_head":"<!-- This site is optimized with the Yoast SEO plugin v27.4 - https:\/\/yoast.com\/product\/yoast-seo-wordpress\/ -->\n<title>Bougie universelle 270 Watt raccord coulissant 3\/8\u2033<\/title>\n<meta name=\"description\" content=\"Bougie universelle 270 Watt raccord coulissant 3\/8\u2033 - r\u00e9sistance \u00e0 l\u2019allumage sp\u00e9ciale avec raccord en c\u00e9ramique - tube de convoyeur d\u2019air avec bride - universel avec raccord coulissant pour po\u00eale et chaudi\u00e8re \u00e0 pellets -syst\u00e8me d\u2019allumage - allumeur \u00e0 bougie pour pellets\" \/>\n<meta name=\"robots\" content=\"index, follow, max-snippet:-1, max-image-preview:large, max-video-preview:-1\" \/>\n<link rel=\"canonical\" href=\"https:\/\/amrtop.net\/ro\/produs\/bougie-universelle-avec-raccord-coulissant-3-8\u2033-o-99-mm-270-watt-longueur-totale-150-mm-code-kit1q\/\" \/>\n<meta property=\"og:locale\" content=\"ro_RO\" \/>\n<meta property=\"og:type\" content=\"article\" \/>\n<meta property=\"og:title\" content=\"Bougie universelle 270 Watt raccord coulissant 3\/8\u2033\" \/>\n<meta property=\"og:description\" content=\"Bougie universelle 270 Watt raccord coulissant 3\/8\u2033 - r\u00e9sistance \u00e0 l\u2019allumage sp\u00e9ciale avec raccord en c\u00e9ramique - tube de convoyeur d\u2019air avec bride - universel avec raccord coulissant pour po\u00eale et chaudi\u00e8re \u00e0 pellets -syst\u00e8me d\u2019allumage - allumeur \u00e0 bougie pour pellets\" \/>\n<meta property=\"og:url\" content=\"https:\/\/amrtop.net\/ro\/produs\/bougie-universelle-avec-raccord-coulissant-3-8\u2033-o-99-mm-270-watt-longueur-totale-150-mm-code-kit1q\/\" \/>\n<meta property=\"og:site_name\" content=\"AMRTOP B2B \u00c9tranger - Achats r\u00e9serv\u00e9s au professionnel\" \/>\n<meta property=\"article:modified_time\" content=\"2024-07-11T12:57:03+00:00\" \/>\n<meta property=\"og:image\" content=\"https:\/\/amrtop.net\/wp-content\/uploads\/2020\/01\/KIT1.jpg\" \/>\n\t<meta property=\"og:image:width\" content=\"960\" \/>\n\t<meta property=\"og:image:height\" content=\"960\" \/>\n\t<meta property=\"og:image:type\" content=\"image\/jpeg\" \/>\n<meta name=\"twitter:card\" content=\"summary_large_image\" \/>\n<meta name=\"twitter:label1\" content=\"Timp estimat pentru citire\" \/>\n\t<meta name=\"twitter:data1\" content=\"2 minute\" \/>\n<script type=\"application\/ld+json\" class=\"yoast-schema-graph\">{\"@context\":\"https:\\\/\\\/schema.org\",\"@graph\":[{\"@type\":\"WebPage\",\"@id\":\"https:\\\/\\\/amrtop.net\\\/produit\\\/bougie-universelle-avec-raccord-coulissant-3-8%e2%80%b3-o-99-mm-270-watt-longueur-totale-150-mm-code-kit1q\\\/\",\"url\":\"https:\\\/\\\/amrtop.net\\\/produit\\\/bougie-universelle-avec-raccord-coulissant-3-8%e2%80%b3-o-99-mm-270-watt-longueur-totale-150-mm-code-kit1q\\\/\",\"name\":\"Bougie universelle 270 Watt raccord coulissant 3\\\/8\u2033\",\"isPartOf\":{\"@id\":\"https:\\\/\\\/amrtop.net\\\/#website\"},\"primaryImageOfPage\":{\"@id\":\"https:\\\/\\\/amrtop.net\\\/produit\\\/bougie-universelle-avec-raccord-coulissant-3-8%e2%80%b3-o-99-mm-270-watt-longueur-totale-150-mm-code-kit1q\\\/#primaryimage\"},\"image\":{\"@id\":\"https:\\\/\\\/amrtop.net\\\/produit\\\/bougie-universelle-avec-raccord-coulissant-3-8%e2%80%b3-o-99-mm-270-watt-longueur-totale-150-mm-code-kit1q\\\/#primaryimage\"},\"thumbnailUrl\":\"https:\\\/\\\/amrtop.net\\\/wp-content\\\/uploads\\\/2020\\\/01\\\/KIT1.jpg\",\"datePublished\":\"2024-07-11T12:44:09+00:00\",\"dateModified\":\"2024-07-11T12:57:03+00:00\",\"description\":\"Bougie universelle 270 Watt raccord coulissant 3\\\/8\u2033 - r\u00e9sistance \u00e0 l\u2019allumage sp\u00e9ciale avec raccord en c\u00e9ramique - tube de convoyeur d\u2019air avec bride - universel avec raccord coulissant pour po\u00eale et chaudi\u00e8re \u00e0 pellets -syst\u00e8me d\u2019allumage - allumeur \u00e0 bougie pour pellets\",\"breadcrumb\":{\"@id\":\"https:\\\/\\\/amrtop.net\\\/produit\\\/bougie-universelle-avec-raccord-coulissant-3-8%e2%80%b3-o-99-mm-270-watt-longueur-totale-150-mm-code-kit1q\\\/#breadcrumb\"},\"inLanguage\":\"ro-RO\",\"potentialAction\":[{\"@type\":\"ReadAction\",\"target\":[\"https:\\\/\\\/amrtop.net\\\/produit\\\/bougie-universelle-avec-raccord-coulissant-3-8%e2%80%b3-o-99-mm-270-watt-longueur-totale-150-mm-code-kit1q\\\/\"]}]},{\"@type\":\"ImageObject\",\"inLanguage\":\"ro-RO\",\"@id\":\"https:\\\/\\\/amrtop.net\\\/produit\\\/bougie-universelle-avec-raccord-coulissant-3-8%e2%80%b3-o-99-mm-270-watt-longueur-totale-150-mm-code-kit1q\\\/#primaryimage\",\"url\":\"https:\\\/\\\/amrtop.net\\\/wp-content\\\/uploads\\\/2020\\\/01\\\/KIT1.jpg\",\"contentUrl\":\"https:\\\/\\\/amrtop.net\\\/wp-content\\\/uploads\\\/2020\\\/01\\\/KIT1.jpg\",\"width\":960,\"height\":960,\"caption\":\"Bougie universelle 270 Watt raccord coulissant 3\\\/8\u2033 - r\u00e9sistance \u00e0 l\u2019allumage sp\u00e9ciale avec raccord en c\u00e9ramique - tube de convoyeur d\u2019air avec bride - universel avec raccord coulissant pour po\u00eale et chaudi\u00e8re \u00e0 pellets -syst\u00e8me d\u2019allumage - allumeur \u00e0 bougie pour pellets\"},{\"@type\":\"BreadcrumbList\",\"@id\":\"https:\\\/\\\/amrtop.net\\\/produit\\\/bougie-universelle-avec-raccord-coulissant-3-8%e2%80%b3-o-99-mm-270-watt-longueur-totale-150-mm-code-kit1q\\\/#breadcrumb\",\"itemListElement\":[{\"@type\":\"ListItem\",\"position\":1,\"name\":\"Home\",\"item\":\"https:\\\/\\\/amrtop.net\\\/\"},{\"@type\":\"ListItem\",\"position\":2,\"name\":\"Shop\",\"item\":\"https:\\\/\\\/amrtop.net\\\/negozio\\\/\"},{\"@type\":\"ListItem\",\"position\":3,\"name\":\"Bougie universelle avec raccord coulissant 3\\\/8\u2033 \u00f8 9,9 mm \u2013 270 Watt \u2013 longueur totale 150 mm \u2013 Code KIT1Q\"}]},{\"@type\":\"WebSite\",\"@id\":\"https:\\\/\\\/amrtop.net\\\/#website\",\"url\":\"https:\\\/\\\/amrtop.net\\\/\",\"name\":\"AMRTOP B2B \u00c9tranger - Achats r\u00e9serv\u00e9s au professionnel\",\"description\":\"Pi\u00e8ces de rechange et accessoires pour po\u00eales et chaudi\u00e8res - eCommerce B2B pour Clients Professionnels\",\"potentialAction\":[{\"@type\":\"SearchAction\",\"target\":{\"@type\":\"EntryPoint\",\"urlTemplate\":\"https:\\\/\\\/amrtop.net\\\/?s={search_term_string}\"},\"query-input\":{\"@type\":\"PropertyValueSpecification\",\"valueRequired\":true,\"valueName\":\"search_term_string\"}}],\"inLanguage\":\"ro-RO\"}]}<\/script>\n<!-- \/ Yoast SEO plugin. -->","yoast_head_json":{"title":"Bougie universelle 270 Watt raccord coulissant 3\/8\u2033","description":"Bujie universal\u0103 de 270 Watt cu conexiune glisant\u0103 3\/8\u2033 - rezisten\u021b\u0103 special\u0103 de aprindere cu conexiune ceramic\u0103 - tub de transport al aerului cu flan\u0219\u0103 - universal\u0103 cu conexiune glisant\u0103 pentru sobe \u0219i cazane pe pele\u021bi - sistem de aprindere - aprindere cu bujie pentru pele\u021bi","robots":{"index":"index","follow":"follow","max-snippet":"max-snippet:-1","max-image-preview":"max-image-preview:large","max-video-preview":"max-video-preview:-1"},"canonical":"https:\/\/amrtop.net\/ro\/produs\/bougie-universelle-avec-raccord-coulissant-3-8\u2033-o-99-mm-270-watt-longueur-totale-150-mm-code-kit1q\/","og_locale":"ro_RO","og_type":"article","og_title":"Bougie universelle 270 Watt raccord coulissant 3\/8\u2033","og_description":"Bougie universelle 270 Watt raccord coulissant 3\/8\u2033 - r\u00e9sistance \u00e0 l\u2019allumage sp\u00e9ciale avec raccord en c\u00e9ramique - tube de convoyeur d\u2019air avec bride - universel avec raccord coulissant pour po\u00eale et chaudi\u00e8re \u00e0 pellets -syst\u00e8me d\u2019allumage - allumeur \u00e0 bougie pour pellets","og_url":"https:\/\/amrtop.net\/ro\/produs\/bougie-universelle-avec-raccord-coulissant-3-8\u2033-o-99-mm-270-watt-longueur-totale-150-mm-code-kit1q\/","og_site_name":"AMRTOP B2B \u00c9tranger - Achats r\u00e9serv\u00e9s au professionnel","article_modified_time":"2024-07-11T12:57:03+00:00","og_image":[{"width":960,"height":960,"url":"https:\/\/amrtop.net\/wp-content\/uploads\/2020\/01\/KIT1.jpg","type":"image\/jpeg"}],"twitter_card":"summary_large_image","twitter_misc":{"Timp estimat pentru citire":"2 minute"},"schema":{"@context":"https:\/\/schema.org","@graph":[{"@type":"WebPage","@id":"https:\/\/amrtop.net\/produit\/bougie-universelle-avec-raccord-coulissant-3-8%e2%80%b3-o-99-mm-270-watt-longueur-totale-150-mm-code-kit1q\/","url":"https:\/\/amrtop.net\/produit\/bougie-universelle-avec-raccord-coulissant-3-8%e2%80%b3-o-99-mm-270-watt-longueur-totale-150-mm-code-kit1q\/","name":"Bougie universelle 270 Watt raccord coulissant 3\/8\u2033","isPartOf":{"@id":"https:\/\/amrtop.net\/#website"},"primaryImageOfPage":{"@id":"https:\/\/amrtop.net\/produit\/bougie-universelle-avec-raccord-coulissant-3-8%e2%80%b3-o-99-mm-270-watt-longueur-totale-150-mm-code-kit1q\/#primaryimage"},"image":{"@id":"https:\/\/amrtop.net\/produit\/bougie-universelle-avec-raccord-coulissant-3-8%e2%80%b3-o-99-mm-270-watt-longueur-totale-150-mm-code-kit1q\/#primaryimage"},"thumbnailUrl":"https:\/\/amrtop.net\/wp-content\/uploads\/2020\/01\/KIT1.jpg","datePublished":"2024-07-11T12:44:09+00:00","dateModified":"2024-07-11T12:57:03+00:00","description":"Bujie universal\u0103 de 270 Watt cu conexiune glisant\u0103 3\/8\u2033 - rezisten\u021b\u0103 special\u0103 de aprindere cu conexiune ceramic\u0103 - tub de transport al aerului cu flan\u0219\u0103 - universal\u0103 cu conexiune glisant\u0103 pentru sobe \u0219i cazane pe pele\u021bi - sistem de aprindere - aprindere cu bujie pentru pele\u021bi","breadcrumb":{"@id":"https:\/\/amrtop.net\/produit\/bougie-universelle-avec-raccord-coulissant-3-8%e2%80%b3-o-99-mm-270-watt-longueur-totale-150-mm-code-kit1q\/#breadcrumb"},"inLanguage":"ro-RO","potentialAction":[{"@type":"ReadAction","target":["https:\/\/amrtop.net\/produit\/bougie-universelle-avec-raccord-coulissant-3-8%e2%80%b3-o-99-mm-270-watt-longueur-totale-150-mm-code-kit1q\/"]}]},{"@type":"ImageObject","inLanguage":"ro-RO","@id":"https:\/\/amrtop.net\/produit\/bougie-universelle-avec-raccord-coulissant-3-8%e2%80%b3-o-99-mm-270-watt-longueur-totale-150-mm-code-kit1q\/#primaryimage","url":"https:\/\/amrtop.net\/wp-content\/uploads\/2020\/01\/KIT1.jpg","contentUrl":"https:\/\/amrtop.net\/wp-content\/uploads\/2020\/01\/KIT1.jpg","width":960,"height":960,"caption":"Bougie universelle 270 Watt raccord coulissant 3\/8\u2033 - r\u00e9sistance \u00e0 l\u2019allumage sp\u00e9ciale avec raccord en c\u00e9ramique - tube de convoyeur d\u2019air avec bride - universel avec raccord coulissant pour po\u00eale et chaudi\u00e8re \u00e0 pellets -syst\u00e8me d\u2019allumage - allumeur \u00e0 bougie pour pellets"},{"@type":"BreadcrumbList","@id":"https:\/\/amrtop.net\/produit\/bougie-universelle-avec-raccord-coulissant-3-8%e2%80%b3-o-99-mm-270-watt-longueur-totale-150-mm-code-kit1q\/#breadcrumb","itemListElement":[{"@type":"ListItem","position":1,"name":"Home","item":"https:\/\/amrtop.net\/"},{"@type":"ListItem","position":2,"name":"Shop","item":"https:\/\/amrtop.net\/negozio\/"},{"@type":"ListItem","position":3,"name":"Bougie universelle avec raccord coulissant 3\/8\u2033 \u00f8 9,9 mm \u2013 270 Watt \u2013 longueur totale 150 mm \u2013 Code KIT1Q"}]},{"@type":"WebSite","@id":"https:\/\/amrtop.net\/#website","url":"https:\/\/amrtop.net\/","name":"AMRTOP B2B Abroad - Achizi\u021bii rezervate profesioni\u0219tilor","description":"Piese de schimb \u0219i accesorii pentru sobe \u0219i cazane - eCommerce B2B pentru clien\u021bi profesioni\u0219ti","potentialAction":[{"@type":"SearchAction","target":{"@type":"EntryPoint","urlTemplate":"https:\/\/amrtop.net\/?s={search_term_string}"},"query-input":{"@type":"PropertyValueSpecification","valueRequired":true,"valueName":"search_term_string"}}],"inLanguage":"ro-RO"}]}},"_links":{"self":[{"href":"https:\/\/amrtop.net\/ro\/wp-json\/wp\/v2\/product\/40002","targetHints":{"allow":["GET"]}}],"collection":[{"href":"https:\/\/amrtop.net\/ro\/wp-json\/wp\/v2\/product"}],"about":[{"href":"https:\/\/amrtop.net\/ro\/wp-json\/wp\/v2\/types\/product"}],"replies":[{"embeddable":true,"href":"https:\/\/amrtop.net\/ro\/wp-json\/wp\/v2\/comments?post=40002"}],"wp:featuredmedia":[{"embeddable":true,"href":"https:\/\/amrtop.net\/ro\/wp-json\/wp\/v2\/media\/34694"}],"wp:attachment":[{"href":"https:\/\/amrtop.net\/ro\/wp-json\/wp\/v2\/media?parent=40002"}],"wp:term":[{"taxonomy":"product_brand","embeddable":true,"href":"https:\/\/amrtop.net\/ro\/wp-json\/wp\/v2\/product_brand?post=40002"},{"taxonomy":"product_cat","embeddable":true,"href":"https:\/\/amrtop.net\/ro\/wp-json\/wp\/v2\/product_cat?post=40002"},{"taxonomy":"product_tag","embeddable":true,"href":"https:\/\/amrtop.net\/ro\/wp-json\/wp\/v2\/product_tag?post=40002"}],"curies":[{"name":"wp","href":"https:\/\/api.w.org\/{rel}","templated":true}]}}