{"id":8898,"date":"2020-01-10T00:00:00","date_gmt":"2020-01-10T00:00:00","guid":{"rendered":"https:\/\/amrtop.com\/B2B\/?post_type=product&#038;p=8898"},"modified":"2023-05-28T12:56:20","modified_gmt":"2023-05-28T12:56:20","slug":"bougie-avec-tube-convoyeur-dair-o-20-mm","status":"publish","type":"product","link":"https:\/\/amrtop.net\/ro\/produit\/bougie-avec-tube-convoyeur-dair-o-20-mm\/","title":{"rendered":"Bougie sp\u00e9ciale avec tube de convoyeur d\u2019air \u00f8 20 mm \u2013 300 Watt \u2013 longueur totale 170 mm \u2013 Code ELK60022"},"content":{"rendered":"<hr \/>\n<h3>Bougie\u00a0avec tube convoyeur d\u2019air \u00f8 20 mm<\/h3>\n<p>Amrtop offre une gamme compl\u00e8te de bougies de pr\u00e9chauffage sp\u00e9ciales avec diff\u00e9rentes longueurs, diam\u00e8tres, avec ou sans bride, avec raccord 3\/8 et lin\u00e9aire.<\/p>\n<p>Ils sont de type \u00e0 haute densit\u00e9 de puissance avec la technologie Ultramax SC400 et appartiennent \u00e0 la nouvelle g\u00e9n\u00e9ration des \u00e9l\u00e9ments \u00e9lectriques chauffants car ils permettent d\u2019employer des charges en Watt \u00e9lev\u00e9s dans des espaces tr\u00e8s concentr\u00e9s.<\/p>\n<p>Ils garantissent une grande fiabilit\u00e9 m\u00eame dans des conditions de travail tr\u00e8s difficiles.<\/p>\n<p>Ceci est permis par la technologie de construction particuli\u00e8re qui fait de ces appareils l\u2019expression la plus avanc\u00e9e parmi les \u00e9l\u00e9ments chauffants.<\/p>\n<p>Le fil, enroul\u00e9 sur un noyau d\u2019oxyde de magn\u00e9sium, se trouve tout au long de son d\u00e9veloppement dans une position p\u00e9riph\u00e9rique tr\u00e8s proche de la gaine m\u00e9tallique.<\/p>\n<p>Une paroi isolante tr\u00e8s fine et fortement comprim\u00e9e obtenant ainsi un \u00e9change thermique tr\u00e8s efficace qui maintient la temp\u00e9rature du fil r\u00e9sistif \u00e0 une valeur beaucoup plus basse par rapport \u00e0 d\u2019autres r\u00e9chauffeurs dans lesquels le fil se trouve dans une position plus profonde.<\/p>\n<h3>Utilisation des bougie avec tube convoyeur d\u2019air \u00f8 20 mm<\/h3>\n<p>Les bougies de pr\u00e9chauffage, les r\u00e9sistances ou les cartouches d\u2019allumage sp\u00e9ciales tuba 20 mm &#8211; 300 Watt &#8211; Longueur du tube 170 mm &#8211; Code ELK60022 commercialis\u00e9es par Amrtop pour les po\u00eales et chaudi\u00e8res \u00e0 pellets, sont utilis\u00e9es dans le secteur du chauffage \u00e0 biomasse pellets, copeaux et&#8230; sont mont\u00e9es dans les po\u00eales et chaudi\u00e8res \u00e0 pellets pour cr\u00e9er l\u2019inflammation du combustible indirectement par l\u2019air ou directement.<\/p>\n<h2>Bougie sp\u00e9ciale tube \u00f8 20 mm<\/h2>\n<h3>Avantaje :<\/h3>\n<p>Quels sont les avantages des bougies de pr\u00e9chauffage, des r\u00e9sistances ou des cartouches d\u2019allumage sp\u00e9ciales offertes par<\/p>\n<ul>\n<li>Siguran\u021b\u0103 maxim\u0103 (f\u0103r\u0103 risc de supra\u00eenc\u0103lzire, scurtcircuit sau incendiu)<\/li>\n<li>\u00centreaga lungime poate fi utilizat\u0103 ca element de \u00eenc\u0103lzire.<\/li>\n<li>Circula\u021bie mai bun\u0103 \u0219i timp redus pentru atingerea temperaturii de func\u021bionare, ceea ce duce la un consum mai mic de energie electric\u0103.<\/li>\n<\/ul>\n<h3>Tehnologia SC400 ultramax<\/h3>\n<p>Ultramax SC 400, est une cartouche avec un scellage absolument \u00e9tanche, compatible avec des temp\u00e9ratures \u00e9lev\u00e9es avec un processus de cycle contr\u00f4l\u00e9, est fondu dans la t\u00eate de chauffage formant une \u00e9tanch\u00e9it\u00e9 coh\u00e9rente aux surfaces m\u00e9talliques au niveau mol\u00e9culaire.<\/p>\n<p>L\u2019utilisation des cartouches ULTRAMAX SC400 devient indispensable dans tous les cas, qu\u2019il s\u2019agisse d\u2019une s\u00e9curit\u00e9 et d\u2019une fiabilit\u00e9 \u00e9lev\u00e9es, comme dans le cas d\u2019utilisations sur \u00e9quipements \u00e9lectrom\u00e9dicaux, outils manuels, applications a\u00e9ronautiques, spatiales, atomiques, chirurgicales, militaires.<\/p>\n<h3>Interior<\/h3>\n<p><a href=\"https:\/\/wekos.it\/\">Sobe, aragazuri \u0219i aragazuri pe lemne<\/a>\u00a0-\u00a0<a href=\"https:\/\/www.greenpuros.com\/\">\u0219eminee, sobe \u0219i cazane pe pele\u021bi.<\/a><\/p>\n<h3>Gama Amrtop de piese de schimb \u0219i accesorii<\/h3>\n<p><a href=\"https:\/\/amrtop.net\/ro\/categoria-de-produse\/piese-de-schimb-sobe-si-cazane-de-gatit-si-cazane-mixte-2\/bougies-dallumage-pour-poeles-et-chaudieres-a-pellets\/\">Bujii incandescente<\/a><\/p>\n<p><a href=\"https:\/\/amrtop.net\/ro\/categoria-de-produse\/piese-de-schimb-sobe-si-cazane-de-gatit-si-cazane-mixte-2\/electronique\/\">Electronic\u0103<\/a><\/p>\n<p><a href=\"https:\/\/amrtop.net\/ro\/categoria-de-produse\/piese-de-schimb-sobe-si-cazane-de-gatit-si-cazane-mixte-2\/extracteurs-de-fumee\/\">Extractoare de fum<\/a><\/p>\n<p><a href=\"https:\/\/amrtop.net\/ro\/categoria-de-produse\/piese-de-schimb-sobe-si-cazane-de-gatit-si-cazane-mixte-2\/gaines-cable-connecteurs\/\">Teci de cablu conector<\/a><\/p>\n<p><a href=\"https:\/\/amrtop.net\/ro\/categoria-de-produse\/piese-de-schimb-sobe-si-cazane-de-gatit-si-cazane-mixte-2\/joints-de-silicone\/\">Garnituri de silicon<\/a><\/p>\n<p><a href=\"https:\/\/amrtop.net\/ro\/categoria-de-produse\/piese-de-schimb-sobe-si-cazane-de-gatit-si-cazane-mixte-2\/motoreducteurs\/\">Motoare cu angrenaje<\/a><\/p>\n<p><a href=\"https:\/\/amrtop.net\/ro\/categoria-de-produse\/piese-de-schimb-sobe-si-cazane-de-gatit-si-cazane-mixte-2\/pressostats-et-transducteurs\/\">Presostate \u0219i traductoare de presiune<\/a><\/p>\n<p><a href=\"https:\/\/amrtop.net\/ro\/categoria-de-produse\/piese-de-schimb-sobe-si-cazane-de-gatit-si-cazane-mixte-2\/sondes-thermostats-manometres-thermometres\/\">Sonde termostate manometre termometre termometre<\/a><\/p>\n<p><a href=\"https:\/\/amrtop.net\/ro\/categoria-de-produse\/piese-de-schimb-sobe-si-cazane-de-gatit-si-cazane-mixte-2\/joints-detancheite\/\">Tricotaje de etan\u0219are<\/a><\/p>\n<p><a href=\"https:\/\/amrtop.net\/ro\/categoria-de-produse\/piese-de-schimb-sobe-si-cazane-de-gatit-si-cazane-mixte-2\/ventilateurs-centrifuges-pour-poeles-a-pellets\/\">Ventilatoare centrifuge<\/a><\/p>\n<p><a href=\"https:\/\/amrtop.net\/ro\/categoria-de-produse\/piese-de-schimb-sobe-si-cazane-de-gatit-si-cazane-mixte-2\/ventilateurs-tangentiels-flux-transversal\/\">Ventilatoare cu flux \u00eencruci\u0219at<\/a><\/p>\n<p><a href=\"https:\/\/amrtop.net\/ro\/categoria-de-produse\/piese-de-schimb-sobe-si-cazane-de-gatit-si-cazane-mixte-2\/adhesifs-et-produits-detancheite\/\">Adezivi \u0219i materiale de etan\u0219are<\/a><\/p>","protected":false},"excerpt":{"rendered":"<hr \/>\n<h2><span style=\"color: #008000\">Disponibil la<\/span><\/h2>\n<hr \/>\n<h3>Bougie sp\u00e9ciale \u00f8 tube 20 mm \u2013 300 Watt<\/h3>\n<p>Code ELK60022<\/p>\n<p>Tube\u00a0: \u00f8 20 mm<br \/>\nLongueur du tube : 170 mm<br \/>\nBujie: \u00f8 9,9 mm<br \/>\nLongueur de la bougie int : 170 mm<br \/>\nPuissance\u00a0: 300W<br \/>\nLungime cablu: 500 mm<\/p>\n<h3>Compatibilitate<\/h3>\n<hr \/>\n<h3>Bujie\/rezistor\/cartu\u0219 de aprindere compatibil cu urm\u0103toarele m\u0103rci de sobe pe pele\u021bi<\/h3>\n<p>Envirofire<\/p>\n<hr \/>\n<h3>Interschimbabil cu urm\u0103torul model de bujie-resistor-cartu\u0219 de aprindere :<\/h3>\n<p>HT68432<\/p>","protected":false},"featured_media":34689,"comment_status":"open","ping_status":"closed","template":"","meta":[],"product_brand":[],"product_cat":[853,840,839],"product_tag":[145],"class_list":{"0":"post-8898","1":"product","2":"type-product","3":"status-publish","4":"has-post-thumbnail","6":"product_cat-bougies-dallumage-speciales","7":"product_cat-bougies-dallumage-pour-poeles-et-chaudieres-a-pellets","8":"product_cat-pieces-de-rechange-divers-poeles-et-chaudieres","9":"product_tag-envirofire","10":"product_shipping_class-classe-di-spedizione-01","12":"first","13":"instock","14":"shipping-taxable","15":"purchasable","16":"product-type-simple"},"yoast_head":"<!-- This site is optimized with the Yoast SEO plugin v27.4 - https:\/\/yoast.com\/product\/yoast-seo-wordpress\/ -->\n<title>Bougie\u00a0avec tube convoyeur d\u2019air \u00f8 20 mm<\/title>\n<meta name=\"description\" content=\"Bougie\u00a0avec tube convoyeur d\u2019air \u00f8 20 mm- r\u00e9sistance \u00e0 l\u2019allumage sp\u00e9ciale avec raccord en c\u00e9ramique - tube de convoyeur d\u2019air avec bride - pour po\u00eale et chaudi\u00e8re \u00e0 pellets -syst\u00e8me d\u2019allumage pour appareils \u00e0 pellets - allumeur \u00e0 bougie pour pellets\" \/>\n<meta name=\"robots\" content=\"index, follow, max-snippet:-1, max-image-preview:large, max-video-preview:-1\" \/>\n<link rel=\"canonical\" href=\"https:\/\/amrtop.net\/ro\/produs\/bougie-avec-tube-convoyeur-dair-o-20-mm\/\" \/>\n<meta property=\"og:locale\" content=\"ro_RO\" \/>\n<meta property=\"og:type\" content=\"article\" \/>\n<meta property=\"og:title\" content=\"Bougie\u00a0avec tube convoyeur d\u2019air \u00f8 20 mm\" \/>\n<meta property=\"og:description\" content=\"Bougie\u00a0avec tube convoyeur d\u2019air \u00f8 20 mm- r\u00e9sistance \u00e0 l\u2019allumage sp\u00e9ciale avec raccord en c\u00e9ramique - tube de convoyeur d\u2019air avec bride - pour po\u00eale et chaudi\u00e8re \u00e0 pellets -syst\u00e8me d\u2019allumage pour appareils \u00e0 pellets - allumeur \u00e0 bougie pour pellets\" \/>\n<meta property=\"og:url\" content=\"https:\/\/amrtop.net\/ro\/produs\/bougie-avec-tube-convoyeur-dair-o-20-mm\/\" \/>\n<meta property=\"og:site_name\" content=\"AMRTOP B2B \u00c9tranger - Achats r\u00e9serv\u00e9s au professionnel\" \/>\n<meta property=\"article:modified_time\" content=\"2023-05-28T12:56:20+00:00\" \/>\n<meta property=\"og:image\" content=\"https:\/\/amrtop.net\/wp-content\/uploads\/2020\/01\/elk60022.jpg\" \/>\n\t<meta property=\"og:image:width\" content=\"960\" \/>\n\t<meta property=\"og:image:height\" content=\"960\" \/>\n\t<meta property=\"og:image:type\" content=\"image\/jpeg\" \/>\n<meta name=\"twitter:card\" content=\"summary_large_image\" \/>\n<meta name=\"twitter:label1\" content=\"Timp estimat pentru citire\" \/>\n\t<meta name=\"twitter:data1\" content=\"1 minut\" \/>\n<script type=\"application\/ld+json\" class=\"yoast-schema-graph\">{\"@context\":\"https:\\\/\\\/schema.org\",\"@graph\":[{\"@type\":\"WebPage\",\"@id\":\"https:\\\/\\\/amrtop.net\\\/produit\\\/bougie-avec-tube-convoyeur-dair-o-20-mm\\\/\",\"url\":\"https:\\\/\\\/amrtop.net\\\/produit\\\/bougie-avec-tube-convoyeur-dair-o-20-mm\\\/\",\"name\":\"Bougie\u00a0avec tube convoyeur d\u2019air \u00f8 20 mm\",\"isPartOf\":{\"@id\":\"https:\\\/\\\/amrtop.net\\\/#website\"},\"primaryImageOfPage\":{\"@id\":\"https:\\\/\\\/amrtop.net\\\/produit\\\/bougie-avec-tube-convoyeur-dair-o-20-mm\\\/#primaryimage\"},\"image\":{\"@id\":\"https:\\\/\\\/amrtop.net\\\/produit\\\/bougie-avec-tube-convoyeur-dair-o-20-mm\\\/#primaryimage\"},\"thumbnailUrl\":\"https:\\\/\\\/amrtop.net\\\/wp-content\\\/uploads\\\/2020\\\/01\\\/elk60022.jpg\",\"datePublished\":\"2020-01-10T00:00:00+00:00\",\"dateModified\":\"2023-05-28T12:56:20+00:00\",\"description\":\"Bougie\u00a0avec tube convoyeur d\u2019air \u00f8 20 mm- r\u00e9sistance \u00e0 l\u2019allumage sp\u00e9ciale avec raccord en c\u00e9ramique - tube de convoyeur d\u2019air avec bride - pour po\u00eale et chaudi\u00e8re \u00e0 pellets -syst\u00e8me d\u2019allumage pour appareils \u00e0 pellets - allumeur \u00e0 bougie pour pellets\",\"breadcrumb\":{\"@id\":\"https:\\\/\\\/amrtop.net\\\/produit\\\/bougie-avec-tube-convoyeur-dair-o-20-mm\\\/#breadcrumb\"},\"inLanguage\":\"ro-RO\",\"potentialAction\":[{\"@type\":\"ReadAction\",\"target\":[\"https:\\\/\\\/amrtop.net\\\/produit\\\/bougie-avec-tube-convoyeur-dair-o-20-mm\\\/\"]}]},{\"@type\":\"ImageObject\",\"inLanguage\":\"ro-RO\",\"@id\":\"https:\\\/\\\/amrtop.net\\\/produit\\\/bougie-avec-tube-convoyeur-dair-o-20-mm\\\/#primaryimage\",\"url\":\"https:\\\/\\\/amrtop.net\\\/wp-content\\\/uploads\\\/2020\\\/01\\\/elk60022.jpg\",\"contentUrl\":\"https:\\\/\\\/amrtop.net\\\/wp-content\\\/uploads\\\/2020\\\/01\\\/elk60022.jpg\",\"width\":960,\"height\":960,\"caption\":\"Bougie\u00a0avec tube convoyeur d\u2019air \u00f8 20 mm- r\u00e9sistance \u00e0 l\u2019allumage sp\u00e9ciale avec raccord en c\u00e9ramique - tube de convoyeur d\u2019air avec bride - pour po\u00eale et chaudi\u00e8re \u00e0 pellets -syst\u00e8me d\u2019allumage pour appareils \u00e0 pellets - allumeur \u00e0 bougie pour pellets\"},{\"@type\":\"BreadcrumbList\",\"@id\":\"https:\\\/\\\/amrtop.net\\\/produit\\\/bougie-avec-tube-convoyeur-dair-o-20-mm\\\/#breadcrumb\",\"itemListElement\":[{\"@type\":\"ListItem\",\"position\":1,\"name\":\"Home\",\"item\":\"https:\\\/\\\/amrtop.net\\\/\"},{\"@type\":\"ListItem\",\"position\":2,\"name\":\"Shop\",\"item\":\"https:\\\/\\\/amrtop.net\\\/negozio\\\/\"},{\"@type\":\"ListItem\",\"position\":3,\"name\":\"Bougie sp\u00e9ciale avec tube de convoyeur d\u2019air \u00f8 20 mm \u2013 300 Watt \u2013 longueur totale 170 mm \u2013 Code ELK60022\"}]},{\"@type\":\"WebSite\",\"@id\":\"https:\\\/\\\/amrtop.net\\\/#website\",\"url\":\"https:\\\/\\\/amrtop.net\\\/\",\"name\":\"AMRTOP B2B \u00c9tranger - Achats r\u00e9serv\u00e9s au professionnel\",\"description\":\"Pi\u00e8ces de rechange et accessoires pour po\u00eales et chaudi\u00e8res - eCommerce B2B pour Clients Professionnels\",\"potentialAction\":[{\"@type\":\"SearchAction\",\"target\":{\"@type\":\"EntryPoint\",\"urlTemplate\":\"https:\\\/\\\/amrtop.net\\\/?s={search_term_string}\"},\"query-input\":{\"@type\":\"PropertyValueSpecification\",\"valueRequired\":true,\"valueName\":\"search_term_string\"}}],\"inLanguage\":\"ro-RO\"}]}<\/script>\n<!-- \/ Yoast SEO plugin. -->","yoast_head_json":{"title":"Bougie\u00a0avec tube convoyeur d\u2019air \u00f8 20 mm","description":"Bougie\u00a0avec tube convoyeur d\u2019air \u00f8 20 mm- r\u00e9sistance \u00e0 l\u2019allumage sp\u00e9ciale avec raccord en c\u00e9ramique - tube de convoyeur d\u2019air avec bride - pour po\u00eale et chaudi\u00e8re \u00e0 pellets -syst\u00e8me d\u2019allumage pour appareils \u00e0 pellets - allumeur \u00e0 bougie pour pellets","robots":{"index":"index","follow":"follow","max-snippet":"max-snippet:-1","max-image-preview":"max-image-preview:large","max-video-preview":"max-video-preview:-1"},"canonical":"https:\/\/amrtop.net\/ro\/produs\/bougie-avec-tube-convoyeur-dair-o-20-mm\/","og_locale":"ro_RO","og_type":"article","og_title":"Bougie\u00a0avec tube convoyeur d\u2019air \u00f8 20 mm","og_description":"Bougie\u00a0avec tube convoyeur d\u2019air \u00f8 20 mm- r\u00e9sistance \u00e0 l\u2019allumage sp\u00e9ciale avec raccord en c\u00e9ramique - tube de convoyeur d\u2019air avec bride - pour po\u00eale et chaudi\u00e8re \u00e0 pellets -syst\u00e8me d\u2019allumage pour appareils \u00e0 pellets - allumeur \u00e0 bougie pour pellets","og_url":"https:\/\/amrtop.net\/ro\/produs\/bougie-avec-tube-convoyeur-dair-o-20-mm\/","og_site_name":"AMRTOP B2B \u00c9tranger - Achats r\u00e9serv\u00e9s au professionnel","article_modified_time":"2023-05-28T12:56:20+00:00","og_image":[{"width":960,"height":960,"url":"https:\/\/amrtop.net\/wp-content\/uploads\/2020\/01\/elk60022.jpg","type":"image\/jpeg"}],"twitter_card":"summary_large_image","twitter_misc":{"Timp estimat pentru citire":"1 minut"},"schema":{"@context":"https:\/\/schema.org","@graph":[{"@type":"WebPage","@id":"https:\/\/amrtop.net\/produit\/bougie-avec-tube-convoyeur-dair-o-20-mm\/","url":"https:\/\/amrtop.net\/produit\/bougie-avec-tube-convoyeur-dair-o-20-mm\/","name":"Bougie\u00a0avec tube convoyeur d\u2019air \u00f8 20 mm","isPartOf":{"@id":"https:\/\/amrtop.net\/#website"},"primaryImageOfPage":{"@id":"https:\/\/amrtop.net\/produit\/bougie-avec-tube-convoyeur-dair-o-20-mm\/#primaryimage"},"image":{"@id":"https:\/\/amrtop.net\/produit\/bougie-avec-tube-convoyeur-dair-o-20-mm\/#primaryimage"},"thumbnailUrl":"https:\/\/amrtop.net\/wp-content\/uploads\/2020\/01\/elk60022.jpg","datePublished":"2020-01-10T00:00:00+00:00","dateModified":"2023-05-28T12:56:20+00:00","description":"Bougie\u00a0avec tube convoyeur d\u2019air \u00f8 20 mm- r\u00e9sistance \u00e0 l\u2019allumage sp\u00e9ciale avec raccord en c\u00e9ramique - tube de convoyeur d\u2019air avec bride - pour po\u00eale et chaudi\u00e8re \u00e0 pellets -syst\u00e8me d\u2019allumage pour appareils \u00e0 pellets - allumeur \u00e0 bougie pour pellets","breadcrumb":{"@id":"https:\/\/amrtop.net\/produit\/bougie-avec-tube-convoyeur-dair-o-20-mm\/#breadcrumb"},"inLanguage":"ro-RO","potentialAction":[{"@type":"ReadAction","target":["https:\/\/amrtop.net\/produit\/bougie-avec-tube-convoyeur-dair-o-20-mm\/"]}]},{"@type":"ImageObject","inLanguage":"ro-RO","@id":"https:\/\/amrtop.net\/produit\/bougie-avec-tube-convoyeur-dair-o-20-mm\/#primaryimage","url":"https:\/\/amrtop.net\/wp-content\/uploads\/2020\/01\/elk60022.jpg","contentUrl":"https:\/\/amrtop.net\/wp-content\/uploads\/2020\/01\/elk60022.jpg","width":960,"height":960,"caption":"Bougie\u00a0avec tube convoyeur d\u2019air \u00f8 20 mm- r\u00e9sistance \u00e0 l\u2019allumage sp\u00e9ciale avec raccord en c\u00e9ramique - tube de convoyeur d\u2019air avec bride - pour po\u00eale et chaudi\u00e8re \u00e0 pellets -syst\u00e8me d\u2019allumage pour appareils \u00e0 pellets - allumeur \u00e0 bougie pour pellets"},{"@type":"BreadcrumbList","@id":"https:\/\/amrtop.net\/produit\/bougie-avec-tube-convoyeur-dair-o-20-mm\/#breadcrumb","itemListElement":[{"@type":"ListItem","position":1,"name":"Home","item":"https:\/\/amrtop.net\/"},{"@type":"ListItem","position":2,"name":"Shop","item":"https:\/\/amrtop.net\/negozio\/"},{"@type":"ListItem","position":3,"name":"Bougie sp\u00e9ciale avec tube de convoyeur d\u2019air \u00f8 20 mm \u2013 300 Watt \u2013 longueur totale 170 mm \u2013 Code ELK60022"}]},{"@type":"WebSite","@id":"https:\/\/amrtop.net\/#website","url":"https:\/\/amrtop.net\/","name":"AMRTOP B2B Abroad - Achizi\u021bii rezervate profesioni\u0219tilor","description":"Piese de schimb \u0219i accesorii pentru sobe \u0219i cazane - eCommerce B2B pentru clien\u021bi profesioni\u0219ti","potentialAction":[{"@type":"SearchAction","target":{"@type":"EntryPoint","urlTemplate":"https:\/\/amrtop.net\/?s={search_term_string}"},"query-input":{"@type":"PropertyValueSpecification","valueRequired":true,"valueName":"search_term_string"}}],"inLanguage":"ro-RO"}]}},"_links":{"self":[{"href":"https:\/\/amrtop.net\/ro\/wp-json\/wp\/v2\/product\/8898","targetHints":{"allow":["GET"]}}],"collection":[{"href":"https:\/\/amrtop.net\/ro\/wp-json\/wp\/v2\/product"}],"about":[{"href":"https:\/\/amrtop.net\/ro\/wp-json\/wp\/v2\/types\/product"}],"replies":[{"embeddable":true,"href":"https:\/\/amrtop.net\/ro\/wp-json\/wp\/v2\/comments?post=8898"}],"wp:featuredmedia":[{"embeddable":true,"href":"https:\/\/amrtop.net\/ro\/wp-json\/wp\/v2\/media\/34689"}],"wp:attachment":[{"href":"https:\/\/amrtop.net\/ro\/wp-json\/wp\/v2\/media?parent=8898"}],"wp:term":[{"taxonomy":"product_brand","embeddable":true,"href":"https:\/\/amrtop.net\/ro\/wp-json\/wp\/v2\/product_brand?post=8898"},{"taxonomy":"product_cat","embeddable":true,"href":"https:\/\/amrtop.net\/ro\/wp-json\/wp\/v2\/product_cat?post=8898"},{"taxonomy":"product_tag","embeddable":true,"href":"https:\/\/amrtop.net\/ro\/wp-json\/wp\/v2\/product_tag?post=8898"}],"curies":[{"name":"wp","href":"https:\/\/api.w.org\/{rel}","templated":true}]}}