{"id":8901,"date":"2020-10-01T00:00:00","date_gmt":"2020-10-01T00:00:00","guid":{"rendered":"https:\/\/amrtop.com\/B2B\/?post_type=product&#038;p=8901"},"modified":"2023-06-07T08:11:35","modified_gmt":"2023-06-07T08:11:35","slug":"motoreducteur-24-volts-ipc-1-75-rpm-code-gmf420d901-arbre-o-95-mm","status":"publish","type":"product","link":"https:\/\/amrtop.net\/ro\/produit\/motoreducteur-24-volts-ipc-1-75-rpm-code-gmf420d901-arbre-o-95-mm\/","title":{"rendered":"Motor\u00e9ducteur 24 volts IPC 1.75 rpm Code GMF420D901 &#8211; Arbre \u00f8 9,5 mm"},"content":{"rendered":"<hr \/>\n<h3>Motor\u00e9ducteur 24 volts IPC 1.75 rpm<\/h3>\n<p>Cu o experien\u021b\u0103 practic\u0103 de peste dou\u0103zeci de ani \u00een toate aplica\u021biile utilizate \u00een sobele pe pele\u021bi\/biomas\u0103, IPC este acum lider de pia\u021b\u0103 \u00een furnizarea de componente \u0219i sisteme \u00een aceast\u0103 ni\u0219\u0103 a sectorului de \u00eenc\u0103lzire.<\/p>\n<p>Experien\u021ba pe care am dob\u00e2ndit-o ne permite s\u0103 dezvolt\u0103m solu\u021bii specifice pentru produc\u0103torii de sisteme HVACR, iar pe pia\u021ba sobei pe pele\u021bi \u0219i a \u0219emineelor pe biomas\u0103, proiect\u0103m \u0219i producem componente inovatoare folosind tehnologii de ultim\u0103 or\u0103.<\/p>\n<p>Motoreductorii no\u0219tri BRUSHLESS pentru \u00eenc\u0103rcare CONTINU\u0102 \u0219i ventilatoarele noastre EC 230V pentru extragerea fumului sunt acum punctul de referin\u021b\u0103 pentru to\u021bi cei mai cunoscu\u021bi produc\u0103tori de sisteme de biomas\u0103.<\/p>\n<h3><strong>Caracteristici de construc\u021bie :<\/strong><\/h3>\n<p>Le motor\u00e9ducteur synchrone IPC offert par Amrtop peut \u00eatre pilot\u00e9 m\u00eame en basse tension et fournit un COUPLE CONSTANT m\u00eame \u00e0 de faibles tours; les cha\u00eenes d\u2019engrenages sont sp\u00e9cialement con\u00e7ues pour obtenir les meilleures performances et limiter au maximum l\u2019usure, en garantissant une longue dur\u00e9e de vie au composant ainsi qu\u2019un silence maximal.<\/p>\n<p>Am proiectat solu\u021bii ad hoc pentru \u00eenc\u0103rcarea continu\u0103 a combustibilului (pele\u021bi); \u00een compara\u021bie cu componentele standard, sistemele IPC cresc considerabil precizia \u00eenc\u0103rc\u0103rii, permi\u021b\u00e2nd o gestionare mai eficient\u0103 \u0219i o mai bun\u0103 eficien\u021b\u0103 a arderii.<\/p>\n<h3><strong>Utilizarea de<\/strong><strong> m<\/strong>otor\u00e9ducteur 24 volts IPC 1.75 rpm<\/h3>\n<p>Le motor\u00e9ducteur synchrone IPC vendu par <strong>Amrtop<\/strong>\u00a0Instalate pe aparatele pe pele\u021bi, acestea au rolul de a roti \u0219urubul din rezervorul de pele\u021bi, transport\u00e2nd pele\u021bii c\u0103tre creuzet pentru a fi ar\u0219i, sau sistemele automate de cur\u0103\u021bare a brazilor, din ce \u00een ce mai populare, care se g\u0103sesc pe multe sobe \u0219i cazane pe biomas\u0103.<\/p>\n<p>Spirala este pozi\u021bionat\u0103 astfel \u00eenc\u00e2t s\u0103 preia pele\u021bii din partea de jos a rezervorului \u0219i s\u0103 \u00eei transporte \u00een partea superioar\u0103 a sobei.<\/p>\n<p>Odat\u0103 ce ajunge \u00een partea superioar\u0103 a cohleei, peleta cade \u00een mod natural \u00eentr-un jgheab care o transport\u0103 \u00een arz\u0103tor.<\/p>\n<h3><strong>Aplica\u021bii tipice\u00a0<\/strong><\/h3>\n<ul>\n<li>Sobe pe pele\u021bi<\/li>\n<li>Ma\u0219ini de cafea<\/li>\n<li>Rotiserii<\/li>\n<li>Mixere<\/li>\n<li>Ciocolat\u0103<\/li>\n<li>Ac\u021bionatoare pentru industrie<\/li>\n<\/ul>\n<h3><strong>Interior<\/strong><\/h3>\n<p><a href=\"https:\/\/wekos.it\/\">Sobe, aragazuri \u0219i aragazuri pe lemne<\/a>\u00a0-\u00a0<a href=\"https:\/\/www.greenpuros.com\/\">\u0219eminee, sobe \u0219i cazane pe pele\u021bi.<\/a><\/p>\n<h3><strong>Gama Amrtop de piese de schimb \u0219i accesorii<\/strong><\/h3>\n<p>&nbsp;<\/p>\n<p><a href=\"https:\/\/amrtop.net\/ro\/categoria-de-produse\/piese-de-schimb-sobe-si-cazane-de-gatit-si-cazane-mixte-2\/bougies-dallumage-pour-poeles-et-chaudieres-a-pellets\/\">Bujii incandescente<\/a><\/p>\n<p><a href=\"https:\/\/amrtop.net\/ro\/categoria-de-produse\/piese-de-schimb-sobe-si-cazane-de-gatit-si-cazane-mixte-2\/electronique\/\">Electronic\u0103<\/a><\/p>\n<p><a href=\"https:\/\/amrtop.net\/ro\/categoria-de-produse\/piese-de-schimb-sobe-si-cazane-de-gatit-si-cazane-mixte-2\/extracteurs-de-fumee\/\">Extractoare de fum<\/a><\/p>\n<p><a href=\"https:\/\/amrtop.net\/ro\/categoria-de-produse\/piese-de-schimb-sobe-si-cazane-de-gatit-si-cazane-mixte-2\/gaines-cable-connecteurs\/\">Teci de cablu conector<\/a><\/p>\n<p><a href=\"https:\/\/amrtop.net\/ro\/categoria-de-produse\/piese-de-schimb-sobe-si-cazane-de-gatit-si-cazane-mixte-2\/joints-de-silicone\/\">Garnituri de silicon<\/a><\/p>\n<p><a href=\"https:\/\/amrtop.net\/ro\/categoria-de-produse\/piese-de-schimb-sobe-si-cazane-de-gatit-si-cazane-mixte-2\/motoreducteurs\/\">Motoare cu angrenaje<\/a><\/p>\n<p><a href=\"https:\/\/amrtop.net\/ro\/categoria-de-produse\/piese-de-schimb-sobe-si-cazane-de-gatit-si-cazane-mixte-2\/pressostats-et-transducteurs\/\">Presostate \u0219i traductoare de presiune<\/a><\/p>\n<p><a href=\"https:\/\/amrtop.net\/ro\/categoria-de-produse\/piese-de-schimb-sobe-si-cazane-de-gatit-si-cazane-mixte-2\/sondes-thermostats-manometres-thermometres\/\">Sonde termostate manometre termometre termometre<\/a><\/p>\n<p><a href=\"https:\/\/amrtop.net\/ro\/categoria-de-produse\/piese-de-schimb-sobe-si-cazane-de-gatit-si-cazane-mixte-2\/joints-detancheite\/\">Tricotaje de etan\u0219are<\/a><\/p>\n<p><a href=\"https:\/\/amrtop.net\/ro\/categoria-de-produse\/piese-de-schimb-sobe-si-cazane-de-gatit-si-cazane-mixte-2\/ventilateurs-centrifuges-pour-poeles-a-pellets\/\">Ventilatoare centrifuge<\/a><\/p>\n<p><a href=\"https:\/\/amrtop.net\/ro\/categoria-de-produse\/piese-de-schimb-sobe-si-cazane-de-gatit-si-cazane-mixte-2\/ventilateurs-tangentiels-flux-transversal\/\">Ventilatoare cu flux \u00eencruci\u0219at<\/a><\/p>\n<p><a href=\"https:\/\/amrtop.net\/ro\/categoria-de-produse\/piese-de-schimb-sobe-si-cazane-de-gatit-si-cazane-mixte-2\/adhesifs-et-produits-detancheite\/\">Adezivi \u0219i materiale de etan\u0219are<\/a><\/p>","protected":false},"excerpt":{"rendered":"<hr \/>\n<h2><span style=\"color: #008000\">Disponibil la<\/span><\/h2>\n<hr \/>\n<p>Code GMF420D901<br \/>\nAlbero : \u00f8 8,5 mm<br \/>\nVitesse : 1,75 rpm<br \/>\nAplatizare: simplu<br \/>\nSens de rota\u021bie: \u00een sensul acelor de ceasornic \u0219i \u00een sens invers acelor de ceasornic<br \/>\nCuplu de str\u00e2ngere: 18 Nm<\/p>","protected":false},"featured_media":35176,"comment_status":"open","ping_status":"closed","template":"","meta":[],"product_brand":[],"product_cat":[1366,861],"product_tag":[],"class_list":{"0":"post-8901","1":"product","2":"type-product","3":"status-publish","4":"has-post-thumbnail","6":"product_cat-motoreducteur-synchrone-ipc-24-volt","7":"product_cat-motoreducteurs","8":"product_shipping_class-classe-di-spedizione-02","10":"first","11":"instock","12":"shipping-taxable","13":"purchasable","14":"product-type-simple"},"yoast_head":"<!-- This site is optimized with the Yoast SEO plugin v27.5 - https:\/\/yoast.com\/product\/yoast-seo-wordpress\/ -->\n<title>Motor\u00e9ducteur 24 volts IPC 1.75 rpm<\/title>\n<meta name=\"description\" content=\"Motor\u00e9ducteur 24 volts IPC 1.75 rpm-Motor\u00e9ducteurs Ipc pour coclea po\u00eale pellet-Motor\u00e9ducteur Ipc pour et chaudi\u00e8res pellet-Moteurs Ipc chargement pellet\" \/>\n<meta name=\"robots\" content=\"index, follow, max-snippet:-1, max-image-preview:large, max-video-preview:-1\" \/>\n<link rel=\"canonical\" href=\"https:\/\/amrtop.net\/ro\/produs\/motoreducteur-24-volts-ipc-1-75-rpm-code-gmf420d901-arbre-o-95-mm\/\" \/>\n<meta property=\"og:locale\" content=\"ro_RO\" \/>\n<meta property=\"og:type\" content=\"article\" \/>\n<meta property=\"og:title\" content=\"Motor\u00e9ducteur 24 volts IPC 1.75 rpm\" \/>\n<meta property=\"og:description\" content=\"Motor\u00e9ducteur 24 volts IPC 1.75 rpm-Motor\u00e9ducteurs Ipc pour coclea po\u00eale pellet-Motor\u00e9ducteur Ipc pour et chaudi\u00e8res pellet-Moteurs Ipc chargement pellet\" \/>\n<meta property=\"og:url\" content=\"https:\/\/amrtop.net\/ro\/produs\/motoreducteur-24-volts-ipc-1-75-rpm-code-gmf420d901-arbre-o-95-mm\/\" \/>\n<meta property=\"og:site_name\" content=\"AMRTOP B2B \u00c9tranger - Achats r\u00e9serv\u00e9s au professionnel\" \/>\n<meta property=\"article:modified_time\" content=\"2023-06-07T08:11:35+00:00\" \/>\n<meta property=\"og:image\" content=\"https:\/\/amrtop.net\/wp-content\/uploads\/2022\/08\/GMF420D901.jpg\" \/>\n\t<meta property=\"og:image:width\" content=\"960\" \/>\n\t<meta property=\"og:image:height\" content=\"960\" \/>\n\t<meta property=\"og:image:type\" content=\"image\/jpeg\" \/>\n<meta name=\"twitter:card\" content=\"summary_large_image\" \/>\n<meta name=\"twitter:label1\" content=\"Timp estimat pentru citire\" \/>\n\t<meta name=\"twitter:data1\" content=\"1 minut\" \/>\n<script type=\"application\/ld+json\" class=\"yoast-schema-graph\">{\"@context\":\"https:\\\/\\\/schema.org\",\"@graph\":[{\"@type\":\"WebPage\",\"@id\":\"https:\\\/\\\/amrtop.net\\\/produit\\\/motoreducteur-24-volts-ipc-1-75-rpm-code-gmf420d901-arbre-o-95-mm\\\/\",\"url\":\"https:\\\/\\\/amrtop.net\\\/produit\\\/motoreducteur-24-volts-ipc-1-75-rpm-code-gmf420d901-arbre-o-95-mm\\\/\",\"name\":\"Motor\u00e9ducteur 24 volts IPC 1.75 rpm\",\"isPartOf\":{\"@id\":\"https:\\\/\\\/amrtop.net\\\/#website\"},\"primaryImageOfPage\":{\"@id\":\"https:\\\/\\\/amrtop.net\\\/produit\\\/motoreducteur-24-volts-ipc-1-75-rpm-code-gmf420d901-arbre-o-95-mm\\\/#primaryimage\"},\"image\":{\"@id\":\"https:\\\/\\\/amrtop.net\\\/produit\\\/motoreducteur-24-volts-ipc-1-75-rpm-code-gmf420d901-arbre-o-95-mm\\\/#primaryimage\"},\"thumbnailUrl\":\"https:\\\/\\\/amrtop.net\\\/wp-content\\\/uploads\\\/2022\\\/08\\\/GMF420D901.jpg\",\"datePublished\":\"2020-10-01T00:00:00+00:00\",\"dateModified\":\"2023-06-07T08:11:35+00:00\",\"description\":\"Motor\u00e9ducteur 24 volts IPC 1.75 rpm-Motor\u00e9ducteurs Ipc pour coclea po\u00eale pellet-Motor\u00e9ducteur Ipc pour et chaudi\u00e8res pellet-Moteurs Ipc chargement pellet\",\"breadcrumb\":{\"@id\":\"https:\\\/\\\/amrtop.net\\\/produit\\\/motoreducteur-24-volts-ipc-1-75-rpm-code-gmf420d901-arbre-o-95-mm\\\/#breadcrumb\"},\"inLanguage\":\"ro-RO\",\"potentialAction\":[{\"@type\":\"ReadAction\",\"target\":[\"https:\\\/\\\/amrtop.net\\\/produit\\\/motoreducteur-24-volts-ipc-1-75-rpm-code-gmf420d901-arbre-o-95-mm\\\/\"]}]},{\"@type\":\"ImageObject\",\"inLanguage\":\"ro-RO\",\"@id\":\"https:\\\/\\\/amrtop.net\\\/produit\\\/motoreducteur-24-volts-ipc-1-75-rpm-code-gmf420d901-arbre-o-95-mm\\\/#primaryimage\",\"url\":\"https:\\\/\\\/amrtop.net\\\/wp-content\\\/uploads\\\/2022\\\/08\\\/GMF420D901.jpg\",\"contentUrl\":\"https:\\\/\\\/amrtop.net\\\/wp-content\\\/uploads\\\/2022\\\/08\\\/GMF420D901.jpg\",\"width\":960,\"height\":960,\"caption\":\"Motoriduttore 24 volt Ipc 1.75 rpm\u00a0\"},{\"@type\":\"BreadcrumbList\",\"@id\":\"https:\\\/\\\/amrtop.net\\\/produit\\\/motoreducteur-24-volts-ipc-1-75-rpm-code-gmf420d901-arbre-o-95-mm\\\/#breadcrumb\",\"itemListElement\":[{\"@type\":\"ListItem\",\"position\":1,\"name\":\"Home\",\"item\":\"https:\\\/\\\/amrtop.net\\\/\"},{\"@type\":\"ListItem\",\"position\":2,\"name\":\"Shop\",\"item\":\"https:\\\/\\\/amrtop.net\\\/negozio\\\/\"},{\"@type\":\"ListItem\",\"position\":3,\"name\":\"Motor\u00e9ducteur 24 volts IPC 1.75 rpm Code GMF420D901 &#8211; Arbre \u00f8 9,5 mm\"}]},{\"@type\":\"WebSite\",\"@id\":\"https:\\\/\\\/amrtop.net\\\/#website\",\"url\":\"https:\\\/\\\/amrtop.net\\\/\",\"name\":\"AMRTOP B2B \u00c9tranger - Achats r\u00e9serv\u00e9s au professionnel\",\"description\":\"Pi\u00e8ces de rechange et accessoires pour po\u00eales et chaudi\u00e8res - eCommerce B2B pour Clients Professionnels\",\"potentialAction\":[{\"@type\":\"SearchAction\",\"target\":{\"@type\":\"EntryPoint\",\"urlTemplate\":\"https:\\\/\\\/amrtop.net\\\/?s={search_term_string}\"},\"query-input\":{\"@type\":\"PropertyValueSpecification\",\"valueRequired\":true,\"valueName\":\"search_term_string\"}}],\"inLanguage\":\"ro-RO\"}]}<\/script>\n<!-- \/ Yoast SEO plugin. -->","yoast_head_json":{"title":"Motor\u00e9ducteur 24 volts IPC 1.75 rpm","description":"Motor\u00e9ducteur 24 volts IPC 1.75 rpm-Motor\u00e9ducteurs Ipc pour coclea po\u00eale pellet-Motor\u00e9ducteur Ipc pour et chaudi\u00e8res pellet-Moteurs Ipc chargement pellet","robots":{"index":"index","follow":"follow","max-snippet":"max-snippet:-1","max-image-preview":"max-image-preview:large","max-video-preview":"max-video-preview:-1"},"canonical":"https:\/\/amrtop.net\/ro\/produs\/motoreducteur-24-volts-ipc-1-75-rpm-code-gmf420d901-arbre-o-95-mm\/","og_locale":"ro_RO","og_type":"article","og_title":"Motor\u00e9ducteur 24 volts IPC 1.75 rpm","og_description":"Motor\u00e9ducteur 24 volts IPC 1.75 rpm-Motor\u00e9ducteurs Ipc pour coclea po\u00eale pellet-Motor\u00e9ducteur Ipc pour et chaudi\u00e8res pellet-Moteurs Ipc chargement pellet","og_url":"https:\/\/amrtop.net\/ro\/produs\/motoreducteur-24-volts-ipc-1-75-rpm-code-gmf420d901-arbre-o-95-mm\/","og_site_name":"AMRTOP B2B \u00c9tranger - Achats r\u00e9serv\u00e9s au professionnel","article_modified_time":"2023-06-07T08:11:35+00:00","og_image":[{"width":960,"height":960,"url":"https:\/\/amrtop.net\/wp-content\/uploads\/2022\/08\/GMF420D901.jpg","type":"image\/jpeg"}],"twitter_card":"summary_large_image","twitter_misc":{"Timp estimat pentru citire":"1 minut"},"schema":{"@context":"https:\/\/schema.org","@graph":[{"@type":"WebPage","@id":"https:\/\/amrtop.net\/produit\/motoreducteur-24-volts-ipc-1-75-rpm-code-gmf420d901-arbre-o-95-mm\/","url":"https:\/\/amrtop.net\/produit\/motoreducteur-24-volts-ipc-1-75-rpm-code-gmf420d901-arbre-o-95-mm\/","name":"Motor\u00e9ducteur 24 volts IPC 1.75 rpm","isPartOf":{"@id":"https:\/\/amrtop.net\/#website"},"primaryImageOfPage":{"@id":"https:\/\/amrtop.net\/produit\/motoreducteur-24-volts-ipc-1-75-rpm-code-gmf420d901-arbre-o-95-mm\/#primaryimage"},"image":{"@id":"https:\/\/amrtop.net\/produit\/motoreducteur-24-volts-ipc-1-75-rpm-code-gmf420d901-arbre-o-95-mm\/#primaryimage"},"thumbnailUrl":"https:\/\/amrtop.net\/wp-content\/uploads\/2022\/08\/GMF420D901.jpg","datePublished":"2020-10-01T00:00:00+00:00","dateModified":"2023-06-07T08:11:35+00:00","description":"Motor\u00e9ducteur 24 volts IPC 1.75 rpm-Motor\u00e9ducteurs Ipc pour coclea po\u00eale pellet-Motor\u00e9ducteur Ipc pour et chaudi\u00e8res pellet-Moteurs Ipc chargement pellet","breadcrumb":{"@id":"https:\/\/amrtop.net\/produit\/motoreducteur-24-volts-ipc-1-75-rpm-code-gmf420d901-arbre-o-95-mm\/#breadcrumb"},"inLanguage":"ro-RO","potentialAction":[{"@type":"ReadAction","target":["https:\/\/amrtop.net\/produit\/motoreducteur-24-volts-ipc-1-75-rpm-code-gmf420d901-arbre-o-95-mm\/"]}]},{"@type":"ImageObject","inLanguage":"ro-RO","@id":"https:\/\/amrtop.net\/produit\/motoreducteur-24-volts-ipc-1-75-rpm-code-gmf420d901-arbre-o-95-mm\/#primaryimage","url":"https:\/\/amrtop.net\/wp-content\/uploads\/2022\/08\/GMF420D901.jpg","contentUrl":"https:\/\/amrtop.net\/wp-content\/uploads\/2022\/08\/GMF420D901.jpg","width":960,"height":960,"caption":"Motoriduttore 24 volt Ipc 1.75 rpm\u00a0"},{"@type":"BreadcrumbList","@id":"https:\/\/amrtop.net\/produit\/motoreducteur-24-volts-ipc-1-75-rpm-code-gmf420d901-arbre-o-95-mm\/#breadcrumb","itemListElement":[{"@type":"ListItem","position":1,"name":"Home","item":"https:\/\/amrtop.net\/"},{"@type":"ListItem","position":2,"name":"Shop","item":"https:\/\/amrtop.net\/negozio\/"},{"@type":"ListItem","position":3,"name":"Motor\u00e9ducteur 24 volts IPC 1.75 rpm Code GMF420D901 &#8211; Arbre \u00f8 9,5 mm"}]},{"@type":"WebSite","@id":"https:\/\/amrtop.net\/#website","url":"https:\/\/amrtop.net\/","name":"AMRTOP B2B Abroad - Achizi\u021bii rezervate profesioni\u0219tilor","description":"Piese de schimb \u0219i accesorii pentru sobe \u0219i cazane - eCommerce B2B pentru clien\u021bi profesioni\u0219ti","potentialAction":[{"@type":"SearchAction","target":{"@type":"EntryPoint","urlTemplate":"https:\/\/amrtop.net\/?s={search_term_string}"},"query-input":{"@type":"PropertyValueSpecification","valueRequired":true,"valueName":"search_term_string"}}],"inLanguage":"ro-RO"}]}},"_links":{"self":[{"href":"https:\/\/amrtop.net\/ro\/wp-json\/wp\/v2\/product\/8901","targetHints":{"allow":["GET"]}}],"collection":[{"href":"https:\/\/amrtop.net\/ro\/wp-json\/wp\/v2\/product"}],"about":[{"href":"https:\/\/amrtop.net\/ro\/wp-json\/wp\/v2\/types\/product"}],"replies":[{"embeddable":true,"href":"https:\/\/amrtop.net\/ro\/wp-json\/wp\/v2\/comments?post=8901"}],"wp:featuredmedia":[{"embeddable":true,"href":"https:\/\/amrtop.net\/ro\/wp-json\/wp\/v2\/media\/35176"}],"wp:attachment":[{"href":"https:\/\/amrtop.net\/ro\/wp-json\/wp\/v2\/media?parent=8901"}],"wp:term":[{"taxonomy":"product_brand","embeddable":true,"href":"https:\/\/amrtop.net\/ro\/wp-json\/wp\/v2\/product_brand?post=8901"},{"taxonomy":"product_cat","embeddable":true,"href":"https:\/\/amrtop.net\/ro\/wp-json\/wp\/v2\/product_cat?post=8901"},{"taxonomy":"product_tag","embeddable":true,"href":"https:\/\/amrtop.net\/ro\/wp-json\/wp\/v2\/product_tag?post=8901"}],"curies":[{"name":"wp","href":"https:\/\/api.w.org\/{rel}","templated":true}]}}